{"id":8075,"date":"2021-12-22T12:45:55","date_gmt":"2021-12-22T12:45:55","guid":{"rendered":"https:\/\/www.bostoen.be\/?page_id=8075"},"modified":"2026-03-16T14:26:39","modified_gmt":"2026-03-16T14:26:39","slug":"a-propos-de-bostoen","status":"publish","type":"page","link":"https:\/\/www.bostoen.be\/fr\/a-propos-de-bostoen\/","title":{"rendered":"\u00c0 propos de Bostoen"},"content":{"rendered":"<div class=\"wp-block-banner-container wp-blocks-block  alignfull\">\n    <div >\n    \n    <div class=\"relative\">\n        <div class=\"container\">\n            \n        <\/div>\n    <\/div>\n<\/div>\n\n<div\n    class=\"container flex items-start relative\"\n>\n    \n    <div\n        class=\"w-full\"\n    >\n        <div class=\"inner-blocks\">\n    \n\n<h1 class=\"has-spacing-small wp-block-heading alignwide\" id=\"over-bostoen-group\">\u00c0 propos de <strong><mark style=\"background-color:rgba(0, 0, 0, 0)\" class=\"has-inline-color has-primary-color\">Bostoen<\/mark><\/strong><\/h1>\n\n\n\n<h2 class=\"has-spacing-extra-small wp-block-heading alignwide\" id=\"ons-verhaal\"><strong><mark style=\"background-color:rgba(0, 0, 0, 0)\" class=\"has-inline-color has-primary-color\">Rentrer chez soi, <\/mark><\/strong><mark style=\"background-color:rgba(0, 0, 0, 0)\" class=\"has-inline-color has-text-color\">c&#8217;est Bostoen<\/mark><\/h2>\n\n\n<p class=\"wp-block-paragraph has-spacing-extra-small alignwide has-text-align-wide\">Fournir des logements abordables et de qualit\u00e9 pour tous gr\u00e2ce \u00e0 une construction innovante, telle est la mission de Bostoen depuis 1973. Nos solutions de logement durables t\u00e9moignent de notre savoir-faire et chaque projet de construction est r\u00e9alis\u00e9 avec passion et dans le respect des personnes et de l&#8217;environnement. Qu&#8217;il s&#8217;agisse d&#8217;une maison ou d&#8217;un appartement, tout le monde aspire \u00e0 cette maison o\u00f9 il fait bon vivre.<\/p>\n\n<p class=\"wp-block-paragraph has-spacing-extra-small alignwide has-text-align-wide\">En tant que promoteur immobilier, nous avons plus de 50 ans d&#8217;exp\u00e9rience dans la construction de <a href=\"https:\/\/bostoen.be\/fr\/cle-sur-la-porte\/\">maisons et d&#8217;appartements cl\u00e9 sur porte<\/a>, mais gr\u00e2ce \u00e0 notre propre entreprise de construction, BFB Construct, nous soutenons \u00e9galement d&#8217;autres entreprises et des particuliers qui souhaitent r\u00e9aliser un nouveau projet de construction sur leur propre terrain \u00e0 b\u00e2tir. Aujourd&#8217;hui, en tant qu&#8217;acteur exp\u00e9riment\u00e9 et engag\u00e9 sur le march\u00e9 de la construction, nous sommes actifs \u00e0 Bruxelles et dans presque toutes les provinces flamandes. En raison de l&#8217;\u00e9volution constante du monde, nos d\u00e9fis ne sont pas des moindres, d\u00e9clenchant des \u00e9volutions sociales qui ont un impact significatif sur l&#8217;\u00e9nergie et le logement.<\/p>\n\n<p class=\"wp-block-paragraph has-spacing-extra-small alignwide has-text-align-wide\">Nous entretenons \u00e9galement une atmosph\u00e8re de travail personnelle et professionnelle pour nos partenaires et nos employ\u00e9s. La durabilit\u00e9, le respect, le courage et le bon sens sont les ma\u00eetres mots. Nous formons une \u00e9quipe d&#8217;employ\u00e9s flexibles et motiv\u00e9s qui assument chacun la responsabilit\u00e9 des g\u00e9n\u00e9rations suivantes. En tant qu&#8217;entreprise en pleine croissance et tourn\u00e9e vers l&#8217;avenir, nous attachons \u00e9galement une grande importance \u00e0 l&#8217;innovation et au d\u00e9veloppement personnel. C&#8217;est pourquoi nous investissons volontiers dans notre personnel par le biais de formations et d&#8217;un parcours de croissance personnel, afin de mettre \u00e0 jour en permanence les connaissances et les comp\u00e9tences.<\/p>\n\n<p class=\"wp-block-paragraph has-spacing-extra-small alignwide has-text-align-wide\">Nous recherchons avec vous votre nouvelle maison ou appartement, pour aujourd&#8217;hui et pour demain. Jetez un coup d&#8217;\u0153il \u00e0 notre <a href=\"https:\/\/bostoen.be\/fr\/nouveaux-projets-de-construction\/\">gamme de nouveaux projets de construction<\/a> ou prenez rendez-vous pour visiter l&#8217;une de <a href=\"https:\/\/bostoen.be\/fr\/maisons-de-visionnage\/\">nos maisons t\u00e9moins<\/a>.<\/p>\n\n<p class=\"wp-block-paragraph has-spacing-small alignwide has-text-align-wide\">Rentrer chez soi, c&#8217;est Bostoen.<\/p>\n\n\n<h2 class=\"has-spacing-extra-small wp-block-heading alignwide\" id=\"waarom-kiezen-voor-bostoen-group\"><mark style=\"background-color:rgba(0, 0, 0, 0)\" class=\"has-inline-color has-text-color\">Pourquoi choisir <\/mark><strong><mark style=\"background-color:rgba(0, 0, 0, 0)\" class=\"has-inline-color has-primary-color\">Bostoen<\/mark><\/strong><mark style=\"background-color:rgba(0, 0, 0, 0)\" class=\"has-inline-color has-text-color\"> ? <\/mark><\/h2>\n\n\n\n<div class=\"has-spacing-small wp-block-columns has-2-columns alignwide is-layout-flex wp-container-core-columns-is-layout-9d6595d7 wp-block-columns has-2-columns-is-layout-flex\">\n<div class=\"wp-block-column is-layout-flow wp-block-column-is-layout-flow\" style=\"flex-basis:66.66%\"><p class=\"wp-block-paragraph has-spacing-small alignwide has-text-align-wide\">Choisissez nos projets r\u00e9sidentiels, r\u00e9alisez votre projet de construction ou emm\u00e9nagez dans nos appartements. Chez Bostoen, nous ne construisons pas seulement des maisons, nous cr\u00e9ons votre chez soi. Et nous le faisons \u00e0 travers nos 7 engagements.<\/p><\/div>\n\n\n\n<div class=\"wp-block-column is-layout-flow wp-block-column-is-layout-flow\" style=\"flex-basis:33.33%\"><div class=\"wp-block-button-custom wp-blocks-block is-style-default alignwide\">\n        <div\n        class=\"text-right\"\n    >\n        <a\n            class=\"group font-condensed inline-flex items-center py-1 px-12 rounded-md transition-colors duration-200 cursor-pointer no-underline font-condensed !text-white hover:!text-white bg-primary-500 hover:bg-primary-400 font-bold\" target=\"\"\n                    href=\"https:\/\/bostoen.be\/fr\/a-propos-de-bostoen\/pourquoi-choisir-bostoen\/\"\n                                >\n                        <span class=\"mr-4\"><svg xmlns=\"http:\/\/www.w3.org\/2000\/svg\" viewBox=\"0 0 384 512\" class=\"svg-inline--fa  fas fa-question\" role=\"img\" aria-hidden=\"true\" style=\"color:currentColor\"><!-- Font Awesome Pro 5.15.3 by @fontawesome - https:\/\/fontawesome.com License - https:\/\/fontawesome.com\/license (Commercial License) --><path d=\"M202.021 0C122.202 0 70.503 32.703 29.914 91.026c-7.363 10.58-5.093 25.086 5.178 32.874l43.138 32.709c10.373 7.865 25.132 6.026 33.253-4.148 25.049-31.381 43.63-49.449 82.757-49.449 30.764 0 68.816 19.799 68.816 49.631 0 22.552-18.617 34.134-48.993 51.164-35.423 19.86-82.299 44.576-82.299 106.405V320c0 13.255 10.745 24 24 24h72.471c13.255 0 24-10.745 24-24v-5.773c0-42.86 125.268-44.645 125.268-160.627C377.504 66.256 286.902 0 202.021 0zM192 373.459c-38.196 0-69.271 31.075-69.271 69.271 0 38.195 31.075 69.27 69.271 69.27s69.271-31.075 69.271-69.271-31.075-69.27-69.271-69.27z\" fill=\"currentColor\"><\/path><\/svg>\n<\/span>\n            \n            Pourquoi Bostoen\n\n                        <span class=\"ml-4 transition-transform duration-200 inline-block group-hover:transform group-hover:translate-x-2\">\n                <svg xmlns=\"http:\/\/www.w3.org\/2000\/svg\" viewBox=\"0 0 448 512\" class=\"svg-inline--fa  far fa-long-arrow-right\" role=\"img\" aria-hidden=\"true\" style=\"color:currentColor\"><!-- Font Awesome Pro 5.15.3 by @fontawesome - https:\/\/fontawesome.com License - https:\/\/fontawesome.com\/license (Commercial License) --><path d=\"M295.515 115.716l-19.626 19.626c-4.753 4.753-4.675 12.484.173 17.14L356.78 230H12c-6.627 0-12 5.373-12 12v28c0 6.627 5.373 12 12 12h344.78l-80.717 77.518c-4.849 4.656-4.927 12.387-.173 17.14l19.626 19.626c4.686 4.686 12.284 4.686 16.971 0l131.799-131.799c4.686-4.686 4.686-12.284 0-16.971L312.485 115.716c-4.686-4.686-12.284-4.686-16.97 0z\" fill=\"currentColor\"><\/path><\/svg>\n            <\/span>\n                    <\/a>\n    <\/div>\n    <\/div>\n<\/div>\n<\/div>\n\n\n\n<h2 class=\"has-spacing-extra-small wp-block-heading alignwide\" id=\"wat-is-de-sleutel-op-de-deur\"><mark style=\"background-color:rgba(0, 0, 0, 0)\" class=\"has-inline-color has-text-color\">Qu&#8217;est-ce qu&#8217;une <\/mark><strong><mark style=\"background-color:rgba(0, 0, 0, 0)\" class=\"has-inline-color has-primary-color\">construction cl\u00e9 sur porte<\/mark><\/strong> ?<\/h2>\n\n\n\n<div class=\"has-spacing-small wp-block-columns has-2-columns alignwide is-layout-flex wp-container-core-columns-is-layout-9d6595d7 wp-block-columns has-2-columns-is-layout-flex\">\n<div class=\"wp-block-column is-layout-flow wp-block-column-is-layout-flow\" style=\"flex-basis:66.66%\"><p class=\"wp-block-paragraph has-spacing-small alignwide has-text-align-wide\">Chez Bostoen, la construction cl\u00e9 sur porte signifie une construction sans souci, de z\u00e9ro \u00e0 une maison enti\u00e8rement termin\u00e9e. Nous prenons en charge l&#8217;ensemble du processus de construction.<\/p><\/div>\n\n\n\n<div class=\"wp-block-column is-layout-flow wp-block-column-is-layout-flow\" style=\"flex-basis:33.33%\"><div class=\"wp-block-button-custom wp-blocks-block is-style-default alignwide\">\n        <div\n        class=\"text-right\"\n    >\n        <a\n            class=\"group font-condensed inline-flex items-center py-1 px-12 rounded-md transition-colors duration-200 cursor-pointer no-underline font-condensed !text-white hover:!text-white bg-primary-500 hover:bg-primary-400 font-bold\" target=\"\"\n                    href=\"https:\/\/bostoen.be\/fr\/cle-sur-la-porte\/\"\n                                >\n                        <span class=\"mr-4\"><svg xmlns=\"http:\/\/www.w3.org\/2000\/svg\" viewBox=\"0 0 512 512\" class=\"svg-inline--fa  fas fa-key\" role=\"img\" aria-hidden=\"true\" style=\"color:currentColor\"><!-- Font Awesome Pro 5.15.3 by @fontawesome - https:\/\/fontawesome.com License - https:\/\/fontawesome.com\/license (Commercial License) --><path d=\"M512 176.001C512 273.203 433.202 352 336 352c-11.22 0-22.19-1.062-32.827-3.069l-24.012 27.014A23.999 23.999 0 0 1 261.223 384H224v40c0 13.255-10.745 24-24 24h-40v40c0 13.255-10.745 24-24 24H24c-13.255 0-24-10.745-24-24v-78.059c0-6.365 2.529-12.47 7.029-16.971l161.802-161.802C163.108 213.814 160 195.271 160 176 160 78.798 238.797.001 335.999 0 433.488-.001 512 78.511 512 176.001zM336 128c0 26.51 21.49 48 48 48s48-21.49 48-48-21.49-48-48-48-48 21.49-48 48z\" fill=\"currentColor\"><\/path><\/svg>\n<\/span>\n            \n            Cl\u00e9 sur la porte\n\n                        <span class=\"ml-4 transition-transform duration-200 inline-block group-hover:transform group-hover:translate-x-2\">\n                <svg xmlns=\"http:\/\/www.w3.org\/2000\/svg\" viewBox=\"0 0 448 512\" class=\"svg-inline--fa  far fa-long-arrow-right\" role=\"img\" aria-hidden=\"true\" style=\"color:currentColor\"><!-- Font Awesome Pro 5.15.3 by @fontawesome - https:\/\/fontawesome.com License - https:\/\/fontawesome.com\/license (Commercial License) --><path d=\"M295.515 115.716l-19.626 19.626c-4.753 4.753-4.675 12.484.173 17.14L356.78 230H12c-6.627 0-12 5.373-12 12v28c0 6.627 5.373 12 12 12h344.78l-80.717 77.518c-4.849 4.656-4.927 12.387-.173 17.14l19.626 19.626c4.686 4.686 12.284 4.686 16.971 0l131.799-131.799c4.686-4.686 4.686-12.284 0-16.971L312.485 115.716c-4.686-4.686-12.284-4.686-16.97 0z\" fill=\"currentColor\"><\/path><\/svg>\n            <\/span>\n                    <\/a>\n    <\/div>\n    <\/div>\n<\/div>\n<\/div>\n\n\n<\/div>\n    <\/div>\n<\/div>\n<\/div>\n\n\n\n<div style=\"height:122px\" aria-hidden=\"true\" class=\"wp-block-spacer\"><\/div>\n\n\n<div\nclass=\"w-full bg-primary-500 text-white py-14 wp-blocks-block  alignfull has-spacing-large\"\n>\n    <div class=\"wysiwyg container flex !flex-col !items-center\">\n                    <div class=\"cta-title w-full !text-xl md:!text-2xl xl:!text-3xl !leading-tight font-light inline-block\">\n                <p style=\"text-align: center;\">Contactez nous<\/p>\n\n            <\/div>\n                                    <div class=\"mt-8\">\n                <a\n        href=\"https:\/\/bostoen.be\/fr\/contact\/\" target=\"\" class=\"rounded-full inline-flex items-center my-2 px-6 py-3 group border !border-white !text-white hover:!text-primary-500 hover:bg-white transition-all duration-300 !no-underline\"\n    >\n        Contact\n        <svg xmlns=\"http:\/\/www.w3.org\/2000\/svg\" viewBox=\"0 0 448 512\" class=\"svg-inline--fa  fal fa-long-arrow-right ml-3 text-2xl !text-white group-hover:!text-primary-500 transform group-hover:translate-x-2 transition-all duration-200\" role=\"img\" aria-hidden=\"true\" style=\"color:currentColor\"><!-- Font Awesome Pro 5.15.3 by @fontawesome - https:\/\/fontawesome.com License - https:\/\/fontawesome.com\/license (Commercial License) --><path d=\"M311.03 131.515l-7.071 7.07c-4.686 4.686-4.686 12.284 0 16.971L387.887 239H12c-6.627 0-12 5.373-12 12v10c0 6.627 5.373 12 12 12h375.887l-83.928 83.444c-4.686 4.686-4.686 12.284 0 16.971l7.071 7.07c4.686 4.686 12.284 4.686 16.97 0l116.485-116c4.686-4.686 4.686-12.284 0-16.971L328 131.515c-4.686-4.687-12.284-4.687-16.97 0z\" fill=\"currentColor\"><\/path><\/svg>\n    <\/a>\n            <\/div>\n            <\/div>\n\n<\/div>\n","protected":false},"excerpt":{"rendered":"","protected":false},"author":12,"featured_media":0,"parent":0,"menu_order":0,"comment_status":"closed","ping_status":"closed","template":"","meta":{"_acf_changed":false,"content-type":"","footnotes":""},"class_list":["post-8075","page","type-page","status-publish","hentry"],"acf":[],"yoast_head":"<!-- This site is optimized with the Yoast SEO Premium plugin v21.0 (Yoast SEO v24.9) - https:\/\/yoast.com\/wordpress\/plugins\/seo\/ -->\n<title>Tout sur Bostoen et notre concept cl\u00e9 en main | Bostoen<\/title>\n<meta name=\"description\" content=\"Chez Bostoen, nous ne construisons pas seulement des maisons, nous cr\u00e9ons votre maison. En savoir plus sur Bostoen et notre concept cl\u00e9 en main.\" \/>\n<meta name=\"robots\" content=\"index, follow, max-snippet:-1, max-image-preview:large, max-video-preview:-1\" \/>\n<link rel=\"canonical\" href=\"https:\/\/www.bostoen.be\/fr\/a-propos-de-bostoen\/\" \/>\n<meta property=\"og:locale\" content=\"fr_FR\" \/>\n<meta property=\"og:type\" content=\"article\" \/>\n<meta property=\"og:title\" content=\"\u00c0 propos de Bostoen\" \/>\n<meta property=\"og:description\" content=\"Chez Bostoen, nous ne construisons pas seulement des maisons, nous cr\u00e9ons votre maison. En savoir plus sur Bostoen et notre concept cl\u00e9 en main.\" \/>\n<meta property=\"og:url\" content=\"https:\/\/www.bostoen.be\/fr\/a-propos-de-bostoen\/\" \/>\n<meta property=\"og:site_name\" content=\"Bostoen\" \/>\n<meta property=\"article:modified_time\" content=\"2026-03-16T14:26:39+00:00\" \/>\n<meta name=\"twitter:card\" content=\"summary_large_image\" \/>\n<meta name=\"twitter:label1\" content=\"Est. reading time\" \/>\n\t<meta name=\"twitter:data1\" content=\"2 minutes\" \/>\n<script type=\"application\/ld+json\" class=\"yoast-schema-graph\">{\"@context\":\"https:\/\/schema.org\",\"@graph\":[{\"@type\":\"WebPage\",\"@id\":\"https:\/\/www.bostoen.be\/fr\/a-propos-de-bostoen\/\",\"url\":\"https:\/\/www.bostoen.be\/fr\/a-propos-de-bostoen\/\",\"name\":\"Tout sur Bostoen et notre concept cl\u00e9 en main | Bostoen\",\"isPartOf\":{\"@id\":\"https:\/\/www.bostoen.be\/#website\"},\"datePublished\":\"2021-12-22T12:45:55+00:00\",\"dateModified\":\"2026-03-16T14:26:39+00:00\",\"description\":\"Chez Bostoen, nous ne construisons pas seulement des maisons, nous cr\u00e9ons votre maison. En savoir plus sur Bostoen et notre concept cl\u00e9 en main.\",\"breadcrumb\":{\"@id\":\"https:\/\/www.bostoen.be\/fr\/a-propos-de-bostoen\/#breadcrumb\"},\"inLanguage\":\"fr-BE\",\"potentialAction\":[{\"@type\":\"ReadAction\",\"target\":[\"https:\/\/www.bostoen.be\/fr\/a-propos-de-bostoen\/\"]}]},{\"@type\":\"BreadcrumbList\",\"@id\":\"https:\/\/www.bostoen.be\/fr\/a-propos-de-bostoen\/#breadcrumb\",\"itemListElement\":[{\"@type\":\"ListItem\",\"position\":1,\"name\":\"Home\",\"item\":\"https:\/\/www.bostoen.be\/fr\/bienvenue-chez-bostoen\/\"},{\"@type\":\"ListItem\",\"position\":2,\"name\":\"\u00c0 propos de Bostoen\"}]},{\"@type\":\"WebSite\",\"@id\":\"https:\/\/www.bostoen.be\/#website\",\"url\":\"https:\/\/www.bostoen.be\/\",\"name\":\"Bostoen\",\"description\":\"Promoteur et entreprise de construction de maisons et d'appartements neufs\",\"potentialAction\":[{\"@type\":\"SearchAction\",\"target\":{\"@type\":\"EntryPoint\",\"urlTemplate\":\"https:\/\/www.bostoen.be\/?s={search_term_string}\"},\"query-input\":{\"@type\":\"PropertyValueSpecification\",\"valueRequired\":true,\"valueName\":\"search_term_string\"}}],\"inLanguage\":\"fr-BE\"}]}<\/script>\n<!-- \/ Yoast SEO Premium plugin. -->","yoast_head_json":{"title":"Tout sur Bostoen et notre concept cl\u00e9 en main | Bostoen","description":"Chez Bostoen, nous ne construisons pas seulement des maisons, nous cr\u00e9ons votre maison. En savoir plus sur Bostoen et notre concept cl\u00e9 en main.","robots":{"index":"index","follow":"follow","max-snippet":"max-snippet:-1","max-image-preview":"max-image-preview:large","max-video-preview":"max-video-preview:-1"},"canonical":"https:\/\/www.bostoen.be\/fr\/a-propos-de-bostoen\/","og_locale":"fr_FR","og_type":"article","og_title":"\u00c0 propos de Bostoen","og_description":"Chez Bostoen, nous ne construisons pas seulement des maisons, nous cr\u00e9ons votre maison. En savoir plus sur Bostoen et notre concept cl\u00e9 en main.","og_url":"https:\/\/www.bostoen.be\/fr\/a-propos-de-bostoen\/","og_site_name":"Bostoen","article_modified_time":"2026-03-16T14:26:39+00:00","twitter_card":"summary_large_image","twitter_misc":{"Est. reading time":"2 minutes"},"schema":{"@context":"https:\/\/schema.org","@graph":[{"@type":"WebPage","@id":"https:\/\/www.bostoen.be\/fr\/a-propos-de-bostoen\/","url":"https:\/\/www.bostoen.be\/fr\/a-propos-de-bostoen\/","name":"Tout sur Bostoen et notre concept cl\u00e9 en main | Bostoen","isPartOf":{"@id":"https:\/\/www.bostoen.be\/#website"},"datePublished":"2021-12-22T12:45:55+00:00","dateModified":"2026-03-16T14:26:39+00:00","description":"Chez Bostoen, nous ne construisons pas seulement des maisons, nous cr\u00e9ons votre maison. En savoir plus sur Bostoen et notre concept cl\u00e9 en main.","breadcrumb":{"@id":"https:\/\/www.bostoen.be\/fr\/a-propos-de-bostoen\/#breadcrumb"},"inLanguage":"fr-BE","potentialAction":[{"@type":"ReadAction","target":["https:\/\/www.bostoen.be\/fr\/a-propos-de-bostoen\/"]}]},{"@type":"BreadcrumbList","@id":"https:\/\/www.bostoen.be\/fr\/a-propos-de-bostoen\/#breadcrumb","itemListElement":[{"@type":"ListItem","position":1,"name":"Home","item":"https:\/\/www.bostoen.be\/fr\/bienvenue-chez-bostoen\/"},{"@type":"ListItem","position":2,"name":"\u00c0 propos de Bostoen"}]},{"@type":"WebSite","@id":"https:\/\/www.bostoen.be\/#website","url":"https:\/\/www.bostoen.be\/","name":"Bostoen","description":"Promoteur et entreprise de construction de maisons et d'appartements neufs","potentialAction":[{"@type":"SearchAction","target":{"@type":"EntryPoint","urlTemplate":"https:\/\/www.bostoen.be\/?s={search_term_string}"},"query-input":{"@type":"PropertyValueSpecification","valueRequired":true,"valueName":"search_term_string"}}],"inLanguage":"fr-BE"}]}},"_links":{"self":[{"href":"https:\/\/www.bostoen.be\/fr\/wp-json\/wp\/v2\/pages\/8075","targetHints":{"allow":["GET"]}}],"collection":[{"href":"https:\/\/www.bostoen.be\/fr\/wp-json\/wp\/v2\/pages"}],"about":[{"href":"https:\/\/www.bostoen.be\/fr\/wp-json\/wp\/v2\/types\/page"}],"author":[{"embeddable":true,"href":"https:\/\/www.bostoen.be\/fr\/wp-json\/wp\/v2\/users\/12"}],"replies":[{"embeddable":true,"href":"https:\/\/www.bostoen.be\/fr\/wp-json\/wp\/v2\/comments?post=8075"}],"version-history":[{"count":2,"href":"https:\/\/www.bostoen.be\/fr\/wp-json\/wp\/v2\/pages\/8075\/revisions"}],"predecessor-version":[{"id":113244,"href":"https:\/\/www.bostoen.be\/fr\/wp-json\/wp\/v2\/pages\/8075\/revisions\/113244"}],"wp:attachment":[{"href":"https:\/\/www.bostoen.be\/fr\/wp-json\/wp\/v2\/media?parent=8075"}],"curies":[{"name":"wp","href":"https:\/\/api.w.org\/{rel}","templated":true}]}}