{"id":7224,"date":"2021-12-17T13:33:47","date_gmt":"2021-12-17T13:33:47","guid":{"rendered":"https:\/\/www.bostoen.be\/?page_id=7224"},"modified":"2023-03-29T15:00:42","modified_gmt":"2023-03-29T15:00:42","slug":"candidature-spontanee","status":"publish","type":"page","link":"https:\/\/www.bostoen.be\/fr\/emplois\/candidature-spontanee\/","title":{"rendered":"Candidature spontan\u00e9e"},"content":{"rendered":"<div class=\"wp-block-banner-container wp-blocks-block  alignfull\">\n    <div >\n    \n    <div class=\"relative\">\n        <div class=\"container\">\n            \n        <\/div>\n    <\/div>\n<\/div>\n\n<div\n    class=\"container flex items-start relative\"\n>\n    \n    <div\n        class=\"w-full\"\n    >\n        <div class=\"inner-blocks\">\n    \n\n<h1 class=\"has-spacing-small alignfull has-text-align-center has-spacing-extra-small wp-block-heading\" id=\"spontaan-solliciteren-bij-bostoen\">Appliquer spontan\u00e9ment <strong><mark style=\"background-color:rgba(0, 0, 0, 0)\" class=\"has-inline-color has-primary-color\">chez Bostoen<\/mark><\/strong><\/h1>\n\n\n<p class=\"wp-block-paragraph has-spacing-extra-small has-text-align-center\">Vous n&#8217;avez pas trouv\u00e9 de poste vacant qui vous convienne et vous souhaitez postuler spontan\u00e9ment chez Bostoen? Laissez vos coordonn\u00e9es \u00e0 l&#8217;aide du formulaire ci-dessous et qui sait, vous deviendrez peut-\u00eatre bient\u00f4t notre nouveau coll\u00e8gue!<\/p>\n\n<\/div>\n    <\/div>\n<\/div>\n<\/div>\n\n\n\n<h2 class=\"has-spacing-small has-text-align-center wp-block-heading\">Je souhaite <strong><mark style=\"background-color:rgba(0, 0, 0, 0)\" class=\"has-inline-color has-primary-color\">d\u00e9poser <\/mark><\/strong>une candidature spontan\u00e9e<\/h2>\n\n\n\n\n\t\t\t\t\t\t<script>\n\t\t\t\t\t\t\twindow.hsFormsOnReady = window.hsFormsOnReady || [];\n\t\t\t\t\t\t\twindow.hsFormsOnReady.push(()=>{\n\t\t\t\t\t\t\t\thbspt.forms.create({\n\t\t\t\t\t\t\t\t\tportalId: 3814101,\n\t\t\t\t\t\t\t\t\tformId: \"147024ed-640b-49d8-87ce-f4f050c3bbb1\",\n\t\t\t\t\t\t\t\t\ttarget: \"#hbspt-form-1777480509000-2156261139\",\n\t\t\t\t\t\t\t\t\tregion: \"na1\",\n\t\t\t\t\t\t\t\t\t\n\t\t\t\t\t\t\t})});\n\t\t\t\t\t\t<\/script>\n\t\t\t\t\t\t<div class=\"hbspt-form\" id=\"hbspt-form-1777480509000-2156261139\"><\/div>\n","protected":false},"excerpt":{"rendered":"<p>Je souhaite d\u00e9poser une candidature spontan\u00e9e<\/p>\n","protected":false},"author":12,"featured_media":0,"parent":7194,"menu_order":0,"comment_status":"closed","ping_status":"closed","template":"","meta":{"_acf_changed":false,"content-type":"","footnotes":""},"class_list":["post-7224","page","type-page","status-publish","hentry"],"acf":[],"yoast_head":"<!-- This site is optimized with the Yoast SEO Premium plugin v21.0 (Yoast SEO v24.9) - https:\/\/yoast.com\/wordpress\/plugins\/seo\/ -->\n<title>Postuler spontan\u00e9ment \u00e0 un emploi chez Bostoen | Bostoen<\/title>\n<meta name=\"description\" content=\"Vous n&#039;avez pas trouv\u00e9 d&#039;offre d&#039;emploi ad\u00e9quate et vous souhaitez postuler spontan\u00e9ment \u00e0 Bostoen? Laissez vos coordonn\u00e9es via notre formulaire.\" \/>\n<meta name=\"robots\" content=\"index, follow, max-snippet:-1, max-image-preview:large, max-video-preview:-1\" \/>\n<link rel=\"canonical\" href=\"https:\/\/www.bostoen.be\/fr\/emplois\/candidature-spontanee\/\" \/>\n<meta property=\"og:locale\" content=\"fr_FR\" \/>\n<meta property=\"og:type\" content=\"article\" \/>\n<meta property=\"og:title\" content=\"Candidature spontan\u00e9e\" \/>\n<meta property=\"og:description\" content=\"Vous n&#039;avez pas trouv\u00e9 d&#039;offre d&#039;emploi ad\u00e9quate et vous souhaitez postuler spontan\u00e9ment \u00e0 Bostoen? Laissez vos coordonn\u00e9es via notre formulaire.\" \/>\n<meta property=\"og:url\" content=\"https:\/\/www.bostoen.be\/fr\/emplois\/candidature-spontanee\/\" \/>\n<meta property=\"og:site_name\" content=\"Bostoen\" \/>\n<meta property=\"article:modified_time\" content=\"2023-03-29T15:00:42+00:00\" \/>\n<meta name=\"twitter:card\" content=\"summary_large_image\" \/>\n<meta name=\"twitter:label1\" content=\"Est. reading time\" \/>\n\t<meta name=\"twitter:data1\" content=\"1 minute\" \/>\n<script type=\"application\/ld+json\" class=\"yoast-schema-graph\">{\"@context\":\"https:\/\/schema.org\",\"@graph\":[{\"@type\":\"WebPage\",\"@id\":\"https:\/\/www.bostoen.be\/fr\/emplois\/candidature-spontanee\/\",\"url\":\"https:\/\/www.bostoen.be\/fr\/emplois\/candidature-spontanee\/\",\"name\":\"Postuler spontan\u00e9ment \u00e0 un emploi chez Bostoen | Bostoen\",\"isPartOf\":{\"@id\":\"https:\/\/www.bostoen.be\/#website\"},\"datePublished\":\"2021-12-17T13:33:47+00:00\",\"dateModified\":\"2023-03-29T15:00:42+00:00\",\"description\":\"Vous n'avez pas trouv\u00e9 d'offre d'emploi ad\u00e9quate et vous souhaitez postuler spontan\u00e9ment \u00e0 Bostoen? Laissez vos coordonn\u00e9es via notre formulaire.\",\"breadcrumb\":{\"@id\":\"https:\/\/www.bostoen.be\/fr\/emplois\/candidature-spontanee\/#breadcrumb\"},\"inLanguage\":\"fr-BE\",\"potentialAction\":[{\"@type\":\"ReadAction\",\"target\":[\"https:\/\/www.bostoen.be\/fr\/emplois\/candidature-spontanee\/\"]}]},{\"@type\":\"BreadcrumbList\",\"@id\":\"https:\/\/www.bostoen.be\/fr\/emplois\/candidature-spontanee\/#breadcrumb\",\"itemListElement\":[{\"@type\":\"ListItem\",\"position\":1,\"name\":\"Home\",\"item\":\"https:\/\/www.bostoen.be\/fr\/bienvenue-chez-bostoen\/\"},{\"@type\":\"ListItem\",\"position\":2,\"name\":\"Emplois\",\"item\":\"https:\/\/www.bostoen.be\/fr\/emplois\/\"},{\"@type\":\"ListItem\",\"position\":3,\"name\":\"Candidature spontan\u00e9e\"}]},{\"@type\":\"WebSite\",\"@id\":\"https:\/\/www.bostoen.be\/#website\",\"url\":\"https:\/\/www.bostoen.be\/\",\"name\":\"Bostoen\",\"description\":\"Promoteur et entreprise de construction de maisons et d'appartements neufs\",\"potentialAction\":[{\"@type\":\"SearchAction\",\"target\":{\"@type\":\"EntryPoint\",\"urlTemplate\":\"https:\/\/www.bostoen.be\/?s={search_term_string}\"},\"query-input\":{\"@type\":\"PropertyValueSpecification\",\"valueRequired\":true,\"valueName\":\"search_term_string\"}}],\"inLanguage\":\"fr-BE\"}]}<\/script>\n<!-- \/ Yoast SEO Premium plugin. -->","yoast_head_json":{"title":"Postuler spontan\u00e9ment \u00e0 un emploi chez Bostoen | Bostoen","description":"Vous n'avez pas trouv\u00e9 d'offre d'emploi ad\u00e9quate et vous souhaitez postuler spontan\u00e9ment \u00e0 Bostoen? Laissez vos coordonn\u00e9es via notre formulaire.","robots":{"index":"index","follow":"follow","max-snippet":"max-snippet:-1","max-image-preview":"max-image-preview:large","max-video-preview":"max-video-preview:-1"},"canonical":"https:\/\/www.bostoen.be\/fr\/emplois\/candidature-spontanee\/","og_locale":"fr_FR","og_type":"article","og_title":"Candidature spontan\u00e9e","og_description":"Vous n'avez pas trouv\u00e9 d'offre d'emploi ad\u00e9quate et vous souhaitez postuler spontan\u00e9ment \u00e0 Bostoen? Laissez vos coordonn\u00e9es via notre formulaire.","og_url":"https:\/\/www.bostoen.be\/fr\/emplois\/candidature-spontanee\/","og_site_name":"Bostoen","article_modified_time":"2023-03-29T15:00:42+00:00","twitter_card":"summary_large_image","twitter_misc":{"Est. reading time":"1 minute"},"schema":{"@context":"https:\/\/schema.org","@graph":[{"@type":"WebPage","@id":"https:\/\/www.bostoen.be\/fr\/emplois\/candidature-spontanee\/","url":"https:\/\/www.bostoen.be\/fr\/emplois\/candidature-spontanee\/","name":"Postuler spontan\u00e9ment \u00e0 un emploi chez Bostoen | Bostoen","isPartOf":{"@id":"https:\/\/www.bostoen.be\/#website"},"datePublished":"2021-12-17T13:33:47+00:00","dateModified":"2023-03-29T15:00:42+00:00","description":"Vous n'avez pas trouv\u00e9 d'offre d'emploi ad\u00e9quate et vous souhaitez postuler spontan\u00e9ment \u00e0 Bostoen? Laissez vos coordonn\u00e9es via notre formulaire.","breadcrumb":{"@id":"https:\/\/www.bostoen.be\/fr\/emplois\/candidature-spontanee\/#breadcrumb"},"inLanguage":"fr-BE","potentialAction":[{"@type":"ReadAction","target":["https:\/\/www.bostoen.be\/fr\/emplois\/candidature-spontanee\/"]}]},{"@type":"BreadcrumbList","@id":"https:\/\/www.bostoen.be\/fr\/emplois\/candidature-spontanee\/#breadcrumb","itemListElement":[{"@type":"ListItem","position":1,"name":"Home","item":"https:\/\/www.bostoen.be\/fr\/bienvenue-chez-bostoen\/"},{"@type":"ListItem","position":2,"name":"Emplois","item":"https:\/\/www.bostoen.be\/fr\/emplois\/"},{"@type":"ListItem","position":3,"name":"Candidature spontan\u00e9e"}]},{"@type":"WebSite","@id":"https:\/\/www.bostoen.be\/#website","url":"https:\/\/www.bostoen.be\/","name":"Bostoen","description":"Promoteur et entreprise de construction de maisons et d'appartements neufs","potentialAction":[{"@type":"SearchAction","target":{"@type":"EntryPoint","urlTemplate":"https:\/\/www.bostoen.be\/?s={search_term_string}"},"query-input":{"@type":"PropertyValueSpecification","valueRequired":true,"valueName":"search_term_string"}}],"inLanguage":"fr-BE"}]}},"_links":{"self":[{"href":"https:\/\/www.bostoen.be\/fr\/wp-json\/wp\/v2\/pages\/7224","targetHints":{"allow":["GET"]}}],"collection":[{"href":"https:\/\/www.bostoen.be\/fr\/wp-json\/wp\/v2\/pages"}],"about":[{"href":"https:\/\/www.bostoen.be\/fr\/wp-json\/wp\/v2\/types\/page"}],"author":[{"embeddable":true,"href":"https:\/\/www.bostoen.be\/fr\/wp-json\/wp\/v2\/users\/12"}],"replies":[{"embeddable":true,"href":"https:\/\/www.bostoen.be\/fr\/wp-json\/wp\/v2\/comments?post=7224"}],"version-history":[{"count":1,"href":"https:\/\/www.bostoen.be\/fr\/wp-json\/wp\/v2\/pages\/7224\/revisions"}],"predecessor-version":[{"id":25603,"href":"https:\/\/www.bostoen.be\/fr\/wp-json\/wp\/v2\/pages\/7224\/revisions\/25603"}],"up":[{"embeddable":true,"href":"https:\/\/www.bostoen.be\/fr\/wp-json\/wp\/v2\/pages\/7194"}],"wp:attachment":[{"href":"https:\/\/www.bostoen.be\/fr\/wp-json\/wp\/v2\/media?parent=7224"}],"curies":[{"name":"wp","href":"https:\/\/api.w.org\/{rel}","templated":true}]}}