{"id":7194,"date":"2021-12-17T12:45:18","date_gmt":"2021-12-17T12:45:18","guid":{"rendered":"https:\/\/www.bostoen.be\/?page_id=7194"},"modified":"2023-11-30T13:38:41","modified_gmt":"2023-11-30T13:38:41","slug":"emplois","status":"publish","type":"page","link":"https:\/\/www.bostoen.be\/fr\/emplois\/","title":{"rendered":"Emplois"},"content":{"rendered":"<div class=\"wp-block-banner-container wp-blocks-block  alignfull\">\n    <div >\n    \n    <div class=\"relative\">\n        <div class=\"container\">\n            \n        <\/div>\n    <\/div>\n<\/div>\n\n<div\n    class=\"container flex items-start relative\"\n>\n    \n    <div\n        class=\"w-full\"\n    >\n        <div class=\"inner-blocks\">\n    \n<\/div>\n    <\/div>\n<\/div>\n<\/div>\n\n\n\n<h1 class=\"has-spacing-small wp-block-heading alignwide\" id=\"h-emplois-chez-bostoen\"><strong><mark style=\"background-color:rgba(0, 0, 0, 0)\" class=\"has-inline-color has-primary-color\">Emplois <\/mark><\/strong><mark style=\"background-color:rgba(0, 0, 0, 0)\" class=\"has-inline-color has-text-color\">chez Bostoen<\/mark><\/h1>\n\n\n<p class=\"wp-block-paragraph has-spacing-extra-small alignwide has-text-align-wide\">Chez Bostoen, nous ne voulons pas seulement cr\u00e9er une maison pour nos clients, mais aussi pour nos collaborateurs. En tant que promoteur immobilier et entreprise de construction avec pr\u00e8s de 50 ans d&#8217;exp\u00e9rience, nous d\u00e9fendons les valeurs de durabilit\u00e9, de respect, de courage et de pragmatisme. Ensemble, nous formons une \u00e9quipe de collaborateurs motiv\u00e9s et pragmatiques qui peuvent compter les uns sur les autres et contribuer \u00e0 une atmosph\u00e8re de travail personnelle et positive. En tant qu&#8217;entreprise tourn\u00e9e vers l&#8217;avenir, nous attachons \u00e9galement une grande importance \u00e0 l&#8217;innovation et au d\u00e9veloppement personnel.<\/p>\n\n<p class=\"wp-block-paragraph has-spacing-extra-small alignwide has-text-align-wide\">Afin de poursuivre la professionnalisation et l&#8217;expansion de notre organisation et de contribuer \u00e0 la r\u00e9alisation de nos fortes ambitions de croissance, nous aimerions accueillir de nouveaux talents. Vous \u00eates fascin\u00e9 par le secteur de la construction et vous avez envie d&#8217;apprendre? Dans ce cas, Bostoen a certainement une opportunit\u00e9 d&#8217;emploi qui vous convient!<\/p>\n\n\n<div style=\"height:23px\" aria-hidden=\"true\" class=\"wp-block-spacer\"><\/div>\n\n\n<div class=\"wp-blocks-block  alignwide\">\n            <div>\n            <p class=\"italic\">Il n&#039;y a actuellement aucun poste vacant.<\/p>\n        <\/div>\n    <\/div>\n\n\n\n<div style=\"height:15px\" aria-hidden=\"true\" class=\"wp-block-spacer\"><\/div>\n\n\n<div\nclass=\"w-full bg-primary-500 text-white py-14 wp-blocks-block  alignfull has-spacing-extra-small\"\n>\n    <div class=\"wysiwyg container flex !flex-col !items-center\">\n                    <div class=\"cta-title w-full !text-xl md:!text-2xl xl:!text-3xl !leading-tight font-light inline-block\">\n                <h2>Vous n&#8217;avez pas trouv\u00e9 ce que vous cherchiez?<\/h2>\n\n            <\/div>\n                            <div class=\"cta-text max-w-md mt-8\">\n                <p>Les postes vacants ne correspondent pas \u00e0 votre profil? Postulez spontan\u00e9ment et qui sait, vous deviendrez peut-\u00eatre bient\u00f4t notre nouveau coll\u00e8gue!<\/p>\n\n            <\/div>\n                            <div class=\"mt-8\">\n                <a\n        href=\"https:\/\/www.bostoen.be\/fr\/emplois\/candidature-spontanee\/\" target=\"\" class=\"rounded-full inline-flex items-center my-2 px-6 py-3 group border !border-white !text-white hover:!text-primary-500 hover:bg-white transition-all duration-300 !no-underline\"\n    >\n        Candidature spontan\u00e9e\n        <svg xmlns=\"http:\/\/www.w3.org\/2000\/svg\" viewBox=\"0 0 448 512\" class=\"svg-inline--fa  fal fa-long-arrow-right ml-3 text-2xl !text-white group-hover:!text-primary-500 transform group-hover:translate-x-2 transition-all duration-200\" role=\"img\" aria-hidden=\"true\" style=\"color:currentColor\"><!-- Font Awesome Pro 5.15.3 by @fontawesome - https:\/\/fontawesome.com License - https:\/\/fontawesome.com\/license (Commercial License) --><path d=\"M311.03 131.515l-7.071 7.07c-4.686 4.686-4.686 12.284 0 16.971L387.887 239H12c-6.627 0-12 5.373-12 12v10c0 6.627 5.373 12 12 12h375.887l-83.928 83.444c-4.686 4.686-4.686 12.284 0 16.971l7.071 7.07c4.686 4.686 12.284 4.686 16.97 0l116.485-116c4.686-4.686 4.686-12.284 0-16.971L328 131.515c-4.686-4.687-12.284-4.687-16.97 0z\" fill=\"currentColor\"><\/path><\/svg>\n    <\/a>\n            <\/div>\n            <\/div>\n\n<\/div>\n","protected":false},"excerpt":{"rendered":"<p>Emplois chez Bostoen Chez Bostoen, nous ne voulons pas seulement cr\u00e9er une maison pour nos clients, mais aussi pour nos collaborateurs. En tant que promoteur immobilier et entreprise de construction avec pr\u00e8s de 50 ans d&#8217;exp\u00e9rience, nous d\u00e9fendons les valeurs&#8230;<\/p>\n","protected":false},"author":12,"featured_media":0,"parent":0,"menu_order":2,"comment_status":"closed","ping_status":"closed","template":"","meta":{"_acf_changed":false,"content-type":"","footnotes":""},"class_list":["post-7194","page","type-page","status-publish","hentry"],"acf":[],"yoast_head":"<!-- This site is optimized with the Yoast SEO Premium plugin v21.0 (Yoast SEO v24.9) - https:\/\/yoast.com\/wordpress\/plugins\/seo\/ -->\n<title>Emplois chez Bostoen | Bostoen<\/title>\n<meta name=\"description\" content=\"Le secteur de la construction vous fascine? Dans ce cas, Bostoen a certainement une opportunit\u00e9 d&#039;emploi qui vous convient! Jetez un coup d&#039;\u0153il \u00e0 nos offres d&#039;emploi.\" \/>\n<meta name=\"robots\" content=\"index, follow, max-snippet:-1, max-image-preview:large, max-video-preview:-1\" \/>\n<link rel=\"canonical\" href=\"https:\/\/www.bostoen.be\/fr\/emplois\/\" \/>\n<meta property=\"og:locale\" content=\"fr_FR\" \/>\n<meta property=\"og:type\" content=\"article\" \/>\n<meta property=\"og:title\" content=\"Emplois\" \/>\n<meta property=\"og:description\" content=\"Le secteur de la construction vous fascine? Dans ce cas, Bostoen a certainement une opportunit\u00e9 d&#039;emploi qui vous convient! Jetez un coup d&#039;\u0153il \u00e0 nos offres d&#039;emploi.\" \/>\n<meta property=\"og:url\" content=\"https:\/\/www.bostoen.be\/fr\/emplois\/\" \/>\n<meta property=\"og:site_name\" content=\"Bostoen\" \/>\n<meta property=\"article:modified_time\" content=\"2023-11-30T13:38:41+00:00\" \/>\n<meta name=\"twitter:card\" content=\"summary_large_image\" \/>\n<meta name=\"twitter:label1\" content=\"Est. reading time\" \/>\n\t<meta name=\"twitter:data1\" content=\"1 minute\" \/>\n<script type=\"application\/ld+json\" class=\"yoast-schema-graph\">{\"@context\":\"https:\/\/schema.org\",\"@graph\":[{\"@type\":\"WebPage\",\"@id\":\"https:\/\/www.bostoen.be\/fr\/emplois\/\",\"url\":\"https:\/\/www.bostoen.be\/fr\/emplois\/\",\"name\":\"Emplois chez Bostoen | Bostoen\",\"isPartOf\":{\"@id\":\"https:\/\/www.bostoen.be\/#website\"},\"datePublished\":\"2021-12-17T12:45:18+00:00\",\"dateModified\":\"2023-11-30T13:38:41+00:00\",\"description\":\"Le secteur de la construction vous fascine? Dans ce cas, Bostoen a certainement une opportunit\u00e9 d'emploi qui vous convient! Jetez un coup d'\u0153il \u00e0 nos offres d'emploi.\",\"breadcrumb\":{\"@id\":\"https:\/\/www.bostoen.be\/fr\/emplois\/#breadcrumb\"},\"inLanguage\":\"fr-BE\",\"potentialAction\":[{\"@type\":\"ReadAction\",\"target\":[\"https:\/\/www.bostoen.be\/fr\/emplois\/\"]}]},{\"@type\":\"BreadcrumbList\",\"@id\":\"https:\/\/www.bostoen.be\/fr\/emplois\/#breadcrumb\",\"itemListElement\":[{\"@type\":\"ListItem\",\"position\":1,\"name\":\"Home\",\"item\":\"https:\/\/www.bostoen.be\/fr\/bienvenue-chez-bostoen\/\"},{\"@type\":\"ListItem\",\"position\":2,\"name\":\"Emplois\"}]},{\"@type\":\"WebSite\",\"@id\":\"https:\/\/www.bostoen.be\/#website\",\"url\":\"https:\/\/www.bostoen.be\/\",\"name\":\"Bostoen\",\"description\":\"Promoteur et entreprise de construction de maisons et d'appartements neufs\",\"potentialAction\":[{\"@type\":\"SearchAction\",\"target\":{\"@type\":\"EntryPoint\",\"urlTemplate\":\"https:\/\/www.bostoen.be\/?s={search_term_string}\"},\"query-input\":{\"@type\":\"PropertyValueSpecification\",\"valueRequired\":true,\"valueName\":\"search_term_string\"}}],\"inLanguage\":\"fr-BE\"}]}<\/script>\n<!-- \/ Yoast SEO Premium plugin. -->","yoast_head_json":{"title":"Emplois chez Bostoen | Bostoen","description":"Le secteur de la construction vous fascine? Dans ce cas, Bostoen a certainement une opportunit\u00e9 d'emploi qui vous convient! Jetez un coup d'\u0153il \u00e0 nos offres d'emploi.","robots":{"index":"index","follow":"follow","max-snippet":"max-snippet:-1","max-image-preview":"max-image-preview:large","max-video-preview":"max-video-preview:-1"},"canonical":"https:\/\/www.bostoen.be\/fr\/emplois\/","og_locale":"fr_FR","og_type":"article","og_title":"Emplois","og_description":"Le secteur de la construction vous fascine? Dans ce cas, Bostoen a certainement une opportunit\u00e9 d'emploi qui vous convient! Jetez un coup d'\u0153il \u00e0 nos offres d'emploi.","og_url":"https:\/\/www.bostoen.be\/fr\/emplois\/","og_site_name":"Bostoen","article_modified_time":"2023-11-30T13:38:41+00:00","twitter_card":"summary_large_image","twitter_misc":{"Est. reading time":"1 minute"},"schema":{"@context":"https:\/\/schema.org","@graph":[{"@type":"WebPage","@id":"https:\/\/www.bostoen.be\/fr\/emplois\/","url":"https:\/\/www.bostoen.be\/fr\/emplois\/","name":"Emplois chez Bostoen | Bostoen","isPartOf":{"@id":"https:\/\/www.bostoen.be\/#website"},"datePublished":"2021-12-17T12:45:18+00:00","dateModified":"2023-11-30T13:38:41+00:00","description":"Le secteur de la construction vous fascine? Dans ce cas, Bostoen a certainement une opportunit\u00e9 d'emploi qui vous convient! Jetez un coup d'\u0153il \u00e0 nos offres d'emploi.","breadcrumb":{"@id":"https:\/\/www.bostoen.be\/fr\/emplois\/#breadcrumb"},"inLanguage":"fr-BE","potentialAction":[{"@type":"ReadAction","target":["https:\/\/www.bostoen.be\/fr\/emplois\/"]}]},{"@type":"BreadcrumbList","@id":"https:\/\/www.bostoen.be\/fr\/emplois\/#breadcrumb","itemListElement":[{"@type":"ListItem","position":1,"name":"Home","item":"https:\/\/www.bostoen.be\/fr\/bienvenue-chez-bostoen\/"},{"@type":"ListItem","position":2,"name":"Emplois"}]},{"@type":"WebSite","@id":"https:\/\/www.bostoen.be\/#website","url":"https:\/\/www.bostoen.be\/","name":"Bostoen","description":"Promoteur et entreprise de construction de maisons et d'appartements neufs","potentialAction":[{"@type":"SearchAction","target":{"@type":"EntryPoint","urlTemplate":"https:\/\/www.bostoen.be\/?s={search_term_string}"},"query-input":{"@type":"PropertyValueSpecification","valueRequired":true,"valueName":"search_term_string"}}],"inLanguage":"fr-BE"}]}},"_links":{"self":[{"href":"https:\/\/www.bostoen.be\/fr\/wp-json\/wp\/v2\/pages\/7194","targetHints":{"allow":["GET"]}}],"collection":[{"href":"https:\/\/www.bostoen.be\/fr\/wp-json\/wp\/v2\/pages"}],"about":[{"href":"https:\/\/www.bostoen.be\/fr\/wp-json\/wp\/v2\/types\/page"}],"author":[{"embeddable":true,"href":"https:\/\/www.bostoen.be\/fr\/wp-json\/wp\/v2\/users\/12"}],"replies":[{"embeddable":true,"href":"https:\/\/www.bostoen.be\/fr\/wp-json\/wp\/v2\/comments?post=7194"}],"version-history":[{"count":2,"href":"https:\/\/www.bostoen.be\/fr\/wp-json\/wp\/v2\/pages\/7194\/revisions"}],"predecessor-version":[{"id":27684,"href":"https:\/\/www.bostoen.be\/fr\/wp-json\/wp\/v2\/pages\/7194\/revisions\/27684"}],"wp:attachment":[{"href":"https:\/\/www.bostoen.be\/fr\/wp-json\/wp\/v2\/media?parent=7194"}],"curies":[{"name":"wp","href":"https:\/\/api.w.org\/{rel}","templated":true}]}}