{"id":7026,"date":"2021-07-26T13:13:57","date_gmt":"2021-07-26T13:13:57","guid":{"rendered":"https:\/\/www.bostoen.be\/?page_id=7026"},"modified":"2026-03-16T14:23:42","modified_gmt":"2026-03-16T14:23:42","slug":"vente-de-proprietes","status":"publish","type":"page","link":"https:\/\/www.bostoen.be\/fr\/vente-de-proprietes\/","title":{"rendered":"Vente de propri\u00e9t\u00e9s"},"content":{"rendered":"<div class=\"wp-block-banner-container wp-blocks-block  alignfull has-spacing-extra-small\">\n    <div >\n    \n    <div class=\"relative\">\n        <div class=\"container\">\n            \n        <\/div>\n    <\/div>\n<\/div>\n\n<div\n    class=\"container flex items-start relative\"\n>\n    \n    <div\n        class=\"w-full\"\n    >\n        <div class=\"inner-blocks\">\n    \n\n<div class=\"has-spacing-small wp-block-columns has-2-columns alignwide is-layout-flex wp-container-core-columns-is-layout-9d6595d7 wp-block-columns has-2-columns-is-layout-flex\">\n<div class=\"wp-block-column is-layout-flow wp-block-column-is-layout-flow\" style=\"flex-basis:66.66%\">\n<h1 class=\"has-spacing-small wp-block-heading\">Vente <mark style=\"background-color:rgba(0, 0, 0, 0)\" class=\"has-inline-color has-primary-color\">de propri\u00e9t\u00e9s<\/mark><\/h1>\n<\/div>\n\n\n\n<div class=\"wp-block-column is-layout-flow wp-block-column-is-layout-flow\" style=\"flex-basis:33.33%\"><div class=\"wp-block-button-custom wp-blocks-block  alignwide has-spacing-small\">\n        <div\n        class=\"text-right\"\n    >\n        <a\n            class=\"group font-condensed inline-flex items-center py-1 px-12 rounded-md transition-colors duration-200 cursor-pointer no-underline font-condensed !text-white hover:!text-white bg-primary-500 hover:bg-primary-400 font-bold\" target=\"\"\n                    href=\"https:\/\/bostoen.be\/fr\/vente-de-biens\/#form-eigendom-verkopen\"\n                                >\n            \n            J&#039;ai un bien \u00e0 vendre\n\n                        <span class=\"ml-4 transition-transform duration-200 inline-block group-hover:transform group-hover:translate-x-2\">\n                <svg xmlns=\"http:\/\/www.w3.org\/2000\/svg\" viewBox=\"0 0 448 512\" class=\"svg-inline--fa  far fa-long-arrow-right\" role=\"img\" aria-hidden=\"true\" style=\"color:currentColor\"><!-- Font Awesome Pro 5.15.3 by @fontawesome - https:\/\/fontawesome.com License - https:\/\/fontawesome.com\/license (Commercial License) --><path d=\"M295.515 115.716l-19.626 19.626c-4.753 4.753-4.675 12.484.173 17.14L356.78 230H12c-6.627 0-12 5.373-12 12v28c0 6.627 5.373 12 12 12h344.78l-80.717 77.518c-4.849 4.656-4.927 12.387-.173 17.14l19.626 19.626c4.686 4.686 12.284 4.686 16.971 0l131.799-131.799c4.686-4.686 4.686-12.284 0-16.971L312.485 115.716c-4.686-4.686-12.284-4.686-16.97 0z\" fill=\"currentColor\"><\/path><\/svg>\n            <\/span>\n                    <\/a>\n    <\/div>\n    <\/div>\n<\/div>\n<\/div>\n\n\n<\/div>\n    <\/div>\n<\/div>\n<\/div>\n\n\n<p class=\"wp-block-paragraph has-spacing-small alignwide has-text-align-wide\">Vous souhaitez vendre un terrain \u00e0 b\u00e2tir, un terrain de projet, une maison ou un autre bien immobilier ? Bostoen est toujours \u00e0 la recherche de terrains \u00e0 b\u00e2tir pour le d\u00e9veloppement de projets. Valorisez votre terrain en collaboration avec Bostoen. Nous r\u00e9fl\u00e9chissons avec vous aux possibilit\u00e9s d&#8217;utilisation de votre terrain, afin qu&#8217;il obtienne un rendement int\u00e9ressant pour vous en tant que vendeur.<\/p>\n\n\n<h2 class=\"has-spacing-extra-small wp-block-heading alignwide\">Vendre une propri\u00e9t\u00e9 \u00e0 Bostoen : voici comment se d\u00e9roule <mark style=\"background-color:rgba(0, 0, 0, 0)\" class=\"has-inline-color has-primary-color\">le processus d&#8217;achat<\/mark><\/h2>\n\n\n<p class=\"wp-block-paragraph has-spacing-small alignwide has-text-align-wide\">Bostoen est un groupe de confiance b\u00e9n\u00e9ficiant d&#8217;une expertise historique sur le march\u00e9 immobilier. Votre propri\u00e9t\u00e9 ou votre terrain sera valoris\u00e9 de mani\u00e8re optimale, car nous privil\u00e9gions les projets de construction neuve qui g\u00e9n\u00e8rent une r\u00e9elle plus-value.<\/p>\n\n\n<h3 class=\"has-spacing-extra-small wp-block-heading alignwide\">Analyse du bien ou du terrain<\/h3>\n\n\n<p class=\"wp-block-paragraph has-spacing-small alignwide has-text-align-wide\">Nos experts se mettent imm\u00e9diatement au travail pour analyser l&#8217;\u00e9tat actuel et l&#8217;affectation du terrain. Nous examinons l&#8217;ensemble des certificats et des prescriptions urbanistiques afin de d\u00e9terminer les possibilit\u00e9s d&#8217;exploitation futures du site.<\/p>\n\n\n<h3 class=\"has-spacing-extra-small wp-block-heading alignwide\">D\u00e9termination du prix<\/h3>\n\n\n<p class=\"wp-block-paragraph has-spacing-small alignwide has-text-align-wide\">Nous fixons ensuite la valeur v\u00e9nale du terrain. Cette \u00e9valuation est r\u00e9alis\u00e9e dans le respect des int\u00e9r\u00eats de chaque partie. Si nous avons \u00e0 c\u0153ur de lancer rapidement de nouveaux projets, il est tout aussi essentiel que vous, en tant que vendeur, receviez un prix juste et \u00e9quitable pour votre bien.<\/p>\n\n\n<h3 class=\"has-spacing-extra-small wp-block-heading alignwide\">Avec ou sans conditions suspensives<\/h3>\n\n\n<p class=\"wp-block-paragraph has-spacing-extra-small alignwide has-text-align-wide\">Dans certains cas, nous r\u00e9digeons une convention assortie de conditions suspensives. Celles-ci portent g\u00e9n\u00e9ralement sur la constructibilit\u00e9 ou la destination urbanistique du terrain. Dans d&#8217;autres configurations, lorsque nous disposons de suffisamment de certitudes, nous achetons votre terrain sans aucune condition suspensive.<\/p>\n\n<p class=\"wp-block-paragraph has-spacing-extra-small alignwide has-text-align-wide\"><\/p>\n\n<p class=\"wp-block-paragraph has-spacing-small alignwide has-text-align-wide\"><\/p>\n\n\n<h2 class=\"has-spacing-extra-small wp-block-heading alignwide\">Nous recherchons <mark style=\"background-color:rgba(0, 0, 0, 0)\" class=\"has-inline-color has-primary-color\">les biens<\/mark> suivants<\/h2>\n\n\n<p class=\"wp-block-paragraph has-spacing-small alignwide has-text-align-wide\">Chez Bostoen, nous d\u00e9veloppons des projets durables. C&#8217;est pourquoi nous sommes toujours \u00e0 la recherche de terrains et de biens int\u00e9ressants pour de nouveaux projets. Voici les diff\u00e9rents types de terrains que nous recherchons.<\/p>\n\n\n<h3 class=\"has-spacing-extra-small wp-block-heading alignwide\">Vente de terrains \u00e0 b\u00e2tir avec permis d&#8217;urbanisme<\/h3>\n\n\n<p class=\"wp-block-paragraph has-spacing-small alignwide has-text-align-wide\">Nous recherchons des terrains \u00e0 b\u00e2tir imm\u00e9diatement. Il s&#8217;agit de terrains pour lesquels un permis d&#8217;urbanisme a \u00e9t\u00e9 d\u00e9livr\u00e9. Il peut \u00e9galement s&#8217;agir d&#8217;un terrain de projet avec permis de lotir et permis d&#8217;urbanisme (non encore expir\u00e9).<\/p>\n\n\n<h3 class=\"has-spacing-extra-small wp-block-heading alignwide\">Vente d&#8217;un bien immobilier avec terrain<\/h3>\n\n\n<p class=\"wp-block-paragraph has-spacing-small alignwide has-text-align-wide\">Vous vendez un terrain sur lequel se trouve encore une maison ? Nous sommes \u00e9galement int\u00e9ress\u00e9s par ce type de terrain. Dans ce cas, Bostoen se charge de la d\u00e9molition de la propri\u00e9t\u00e9 existante. Si n\u00e9cessaire, nous nous chargeons \u00e9galement de la construction d&#8217;une route d&#8217;acc\u00e8s et des services publics dans le lotissement.<\/p>\n\n\n<h3 class=\"has-spacing-extra-small wp-block-heading alignwide\">Terrains \u00e0 potentiel d&#8217;urbanisation future<\/h3>\n\n\n<p class=\"wp-block-paragraph has-spacing-small alignwide has-text-align-wide\">Certains terrains ne rel\u00e8vent pas actuellement de la cat\u00e9gorie des &#8220;terrains \u00e0 b\u00e2tir autoris\u00e9s&#8221;, mais ont une forte probabilit\u00e9 d&#8217;\u00eatre autoris\u00e9s \u00e0 l&#8217;avenir. Ces types de propri\u00e9t\u00e9s sont int\u00e9ressants mais risqu\u00e9s. C&#8217;est pourquoi nous examinons chaque offre individuellement et \u00e9tudions la possibilit\u00e9 de subdiviser ou d&#8217;autoriser le terrain.<\/p>\n\n\n<h3 class=\"has-spacing-extra-small wp-block-heading alignwide\">Zone d&#8217;extension r\u00e9sidentielle<\/h3>\n\n\n<p class=\"wp-block-paragraph has-spacing-small alignwide has-text-align-wide\">Une zone d&#8217;extension r\u00e9sidentielle est une zone adjacente \u00e0 une zone r\u00e9sidentielle. Ces zones rel\u00e8vent de la zone r\u00e9sidentielle, mais seulement sous certaines conditions.<\/p>\n\n<div class=\"wp-block-button-custom wp-blocks-block  alignwide\">\n        <div\n        class=\"text-left\"\n    >\n        <a\n            class=\"group font-condensed inline-flex items-center py-1 px-12 rounded-md transition-colors duration-200 cursor-pointer no-underline font-condensed !text-white hover:!text-white bg-primary-500 hover:bg-primary-400 font-bold\" target=\"\"\n                    href=\"https:\/\/bostoen.be\/fr\/vente-de-biens\/#form-eigendom-verkopen\"\n                                >\n            \n            Pr\u00e9sentation de ma propri\u00e9t\u00e9\n\n                        <span class=\"ml-4 transition-transform duration-200 inline-block group-hover:transform group-hover:translate-x-2\">\n                <svg xmlns=\"http:\/\/www.w3.org\/2000\/svg\" viewBox=\"0 0 448 512\" class=\"svg-inline--fa  far fa-long-arrow-right\" role=\"img\" aria-hidden=\"true\" style=\"color:currentColor\"><!-- Font Awesome Pro 5.15.3 by @fontawesome - https:\/\/fontawesome.com License - https:\/\/fontawesome.com\/license (Commercial License) --><path d=\"M295.515 115.716l-19.626 19.626c-4.753 4.753-4.675 12.484.173 17.14L356.78 230H12c-6.627 0-12 5.373-12 12v28c0 6.627 5.373 12 12 12h344.78l-80.717 77.518c-4.849 4.656-4.927 12.387-.173 17.14l19.626 19.626c4.686 4.686 12.284 4.686 16.971 0l131.799-131.799c4.686-4.686 4.686-12.284 0-16.971L312.485 115.716c-4.686-4.686-12.284-4.686-16.97 0z\" fill=\"currentColor\"><\/path><\/svg>\n            <\/span>\n                    <\/a>\n    <\/div>\n    <\/div>\n\n\n\n<h2 class=\"has-spacing-extra-small wp-block-heading alignwide\">Pourquoi <mark style=\"background-color:rgba(0, 0, 0, 0)\" class=\"has-inline-color has-primary-color\">vendre votre <\/mark>propri\u00e9t\u00e9 \u00e0 Bostoen?<\/h2>\n\n\n<p class=\"wp-block-paragraph has-spacing-extra-small alignwide has-text-align-wide\">Bostoen est bien pr\u00e9sent depuis longtemps dans le secteur immobilier. Nous ma\u00eetrisons tous les aspects de l\u2019immobilier, de la construction neuve, du lotissement et de l\u2019urbanisme. Nos experts disposent d&#8217;une exp\u00e9rience confirm\u00e9e lorsqu&#8217;il s&#8217;agit d&#8217;\u00e9valuer le potentiel futur d&#8217;un site de projet.<\/p>\n\n<p class=\"wp-block-paragraph has-spacing-extra-small alignwide has-text-align-wide\">Vendre votre bien \u00e0 Bostoen est une d\u00e9cision intelligente, car nous avons une vision tourn\u00e9e vers l&#8217;avenir. <\/p>\n\n\n<ul class=\"wp-block-list alignwide\">\n<li>Entreprise de construction reconnue avec plus de 50 ans d&#8217;exp\u00e9rience<\/li>\n\n\n\n<li>Bonne coop\u00e9ration avec diverses municipalit\u00e9s<\/li>\n\n\n\n<li>Entreprise financi\u00e8rement saine<\/li>\n\n\n\n<li>Le groupe familial n&#8217;ach\u00e8te que pour ses propres projets<\/li>\n\n\n\n<li>Prise en charge : nous nous occupons de l&#8217;administration<\/li>\n<\/ul>\n\n\n<p class=\"wp-block-paragraph has-spacing-small alignwide has-text-align-wide\">N&#8217;h\u00e9sitez donc pas \u00e0 nous pr\u00e9senter votre terrain \u00e0 b\u00e2tir ou votre propri\u00e9t\u00e9. Nos experts sont tr\u00e8s attentifs \u00e0 l&#8217;achat du bon terrain. Nous nous ferons un plaisir de vous donner une id\u00e9e pr\u00e9cise de la valeur de votre terrain et de vous faire part de nos commentaires sur les aspects positifs et n\u00e9gatifs de la propri\u00e9t\u00e9.<\/p>\n\n<p class=\"wp-block-paragraph has-spacing-extra-small alignwide has-text-align-wide\"><\/p>\n\n\n<h2 class=\"has-spacing-extra-small wp-block-heading alignwide\">Vous <mark style=\"background-color:rgba(0, 0, 0, 0)\" class=\"has-inline-color has-primary-color\">pensez \u00e0 vendre<\/mark> votre<mark style=\"background-color:rgba(0, 0, 0, 0)\" class=\"has-inline-color has-primary-color\"> <\/mark>propri\u00e9t\u00e9 ?<\/h2>\n\n\n<p class=\"wp-block-paragraph alignwide has-text-align-wide\">Envoyez-nous les d\u00e9tails de votre terrain ou de votre propri\u00e9t\u00e9 en utilisant le formulaire ci-dessous. Nos experts \u00e9tudieront la faisabilit\u00e9 d&#8217;un projet de d\u00e9veloppement sur votre propri\u00e9t\u00e9 et vous contacteront dans les plus brefs d\u00e9lais.<\/p>\n\n\n<div class=\"wp-block-group alignwide has-light-gray-background-color has-background\"><div class=\"wp-block-group__inner-container is-layout-flow wp-block-group-is-layout-flow\">\n<h2 class=\"has-spacing-small wp-block-heading alignfull has-text-align-center\" id=\"form-eigendom-verkopen\"><mark style=\"background-color:rgba(0, 0, 0, 0)\" class=\"has-inline-color has-text-color\">Contactez-nous<\/mark><\/h2>\n\n\n<div class=\"wp-blocks-block  alignfull\">\n            \n\t\t\t\t\t\t<script>\n\t\t\t\t\t\t\twindow.hsFormsOnReady = window.hsFormsOnReady || [];\n\t\t\t\t\t\t\twindow.hsFormsOnReady.push(()=>{\n\t\t\t\t\t\t\t\thbspt.forms.create({\n\t\t\t\t\t\t\t\t\tportalId: 3814101,\n\t\t\t\t\t\t\t\t\tformId: \"6a28bea3-3702-4e3a-a379-aa0acec848c5\",\n\t\t\t\t\t\t\t\t\ttarget: \"#hbspt-form-1777584558000-5082040337\",\n\t\t\t\t\t\t\t\t\tregion: \"na1\",\n\t\t\t\t\t\t\t\t\t\n\t\t\t\t\t\t\t})});\n\t\t\t\t\t\t<\/script>\n\t\t\t\t\t\t<div class=\"hbspt-form\" id=\"hbspt-form-1777584558000-5082040337\"><\/div>\n    <\/div>\n<\/div><\/div>\n","protected":false},"excerpt":{"rendered":"<p>Vous souhaitez vendre un terrain \u00e0 b\u00e2tir, un terrain de projet, une maison ou un autre bien immobilier ? Bostoen est toujours \u00e0 la recherche de terrains \u00e0 b\u00e2tir pour le d\u00e9veloppement de projets. Valorisez votre terrain en collaboration avec&#8230;<\/p>\n","protected":false},"author":1,"featured_media":0,"parent":0,"menu_order":0,"comment_status":"closed","ping_status":"closed","template":"","meta":{"_acf_changed":false,"content-type":"","footnotes":""},"class_list":["post-7026","page","type-page","status-publish","hentry"],"acf":[],"yoast_head":"<!-- This site is optimized with the Yoast SEO Premium plugin v21.0 (Yoast SEO v24.9) - https:\/\/yoast.com\/wordpress\/plugins\/seo\/ -->\n<title>Vente de votre propri\u00e9t\u00e9 | Bostoen<\/title>\n<meta name=\"description\" content=\"Vous vendez votre maison, votre terrain ou votre propri\u00e9t\u00e9 ? Bostoen vous donne une image r\u00e9aliste des possibilit\u00e9s de d\u00e9veloppement immobilier.\" \/>\n<meta name=\"robots\" content=\"index, follow, max-snippet:-1, max-image-preview:large, max-video-preview:-1\" \/>\n<link rel=\"canonical\" href=\"https:\/\/www.bostoen.be\/fr\/vente-de-proprietes\/\" \/>\n<meta property=\"og:locale\" content=\"fr_FR\" \/>\n<meta property=\"og:type\" content=\"article\" \/>\n<meta property=\"og:title\" content=\"Vente de propri\u00e9t\u00e9s\" \/>\n<meta property=\"og:description\" content=\"Vous vendez votre maison, votre terrain ou votre propri\u00e9t\u00e9 ? Bostoen vous donne une image r\u00e9aliste des possibilit\u00e9s de d\u00e9veloppement immobilier.\" \/>\n<meta property=\"og:url\" content=\"https:\/\/www.bostoen.be\/fr\/vente-de-proprietes\/\" \/>\n<meta property=\"og:site_name\" content=\"Bostoen\" \/>\n<meta property=\"article:modified_time\" content=\"2026-03-16T14:23:42+00:00\" \/>\n<meta name=\"twitter:card\" content=\"summary_large_image\" \/>\n<meta name=\"twitter:label1\" content=\"Est. reading time\" \/>\n\t<meta name=\"twitter:data1\" content=\"4 minutes\" \/>\n<script type=\"application\/ld+json\" class=\"yoast-schema-graph\">{\"@context\":\"https:\/\/schema.org\",\"@graph\":[{\"@type\":\"WebPage\",\"@id\":\"https:\/\/www.bostoen.be\/fr\/vente-de-proprietes\/\",\"url\":\"https:\/\/www.bostoen.be\/fr\/vente-de-proprietes\/\",\"name\":\"Vente de votre propri\u00e9t\u00e9 | Bostoen\",\"isPartOf\":{\"@id\":\"https:\/\/www.bostoen.be\/#website\"},\"datePublished\":\"2021-07-26T13:13:57+00:00\",\"dateModified\":\"2026-03-16T14:23:42+00:00\",\"description\":\"Vous vendez votre maison, votre terrain ou votre propri\u00e9t\u00e9 ? Bostoen vous donne une image r\u00e9aliste des possibilit\u00e9s de d\u00e9veloppement immobilier.\",\"breadcrumb\":{\"@id\":\"https:\/\/www.bostoen.be\/fr\/vente-de-proprietes\/#breadcrumb\"},\"inLanguage\":\"fr-BE\",\"potentialAction\":[{\"@type\":\"ReadAction\",\"target\":[\"https:\/\/www.bostoen.be\/fr\/vente-de-proprietes\/\"]}]},{\"@type\":\"BreadcrumbList\",\"@id\":\"https:\/\/www.bostoen.be\/fr\/vente-de-proprietes\/#breadcrumb\",\"itemListElement\":[{\"@type\":\"ListItem\",\"position\":1,\"name\":\"Home\",\"item\":\"https:\/\/www.bostoen.be\/fr\/bienvenue-chez-bostoen\/\"},{\"@type\":\"ListItem\",\"position\":2,\"name\":\"Vente de propri\u00e9t\u00e9s\"}]},{\"@type\":\"WebSite\",\"@id\":\"https:\/\/www.bostoen.be\/#website\",\"url\":\"https:\/\/www.bostoen.be\/\",\"name\":\"Bostoen\",\"description\":\"Promoteur et entreprise de construction de maisons et d'appartements neufs\",\"potentialAction\":[{\"@type\":\"SearchAction\",\"target\":{\"@type\":\"EntryPoint\",\"urlTemplate\":\"https:\/\/www.bostoen.be\/?s={search_term_string}\"},\"query-input\":{\"@type\":\"PropertyValueSpecification\",\"valueRequired\":true,\"valueName\":\"search_term_string\"}}],\"inLanguage\":\"fr-BE\"}]}<\/script>\n<!-- \/ Yoast SEO Premium plugin. -->","yoast_head_json":{"title":"Vente de votre propri\u00e9t\u00e9 | Bostoen","description":"Vous vendez votre maison, votre terrain ou votre propri\u00e9t\u00e9 ? Bostoen vous donne une image r\u00e9aliste des possibilit\u00e9s de d\u00e9veloppement immobilier.","robots":{"index":"index","follow":"follow","max-snippet":"max-snippet:-1","max-image-preview":"max-image-preview:large","max-video-preview":"max-video-preview:-1"},"canonical":"https:\/\/www.bostoen.be\/fr\/vente-de-proprietes\/","og_locale":"fr_FR","og_type":"article","og_title":"Vente de propri\u00e9t\u00e9s","og_description":"Vous vendez votre maison, votre terrain ou votre propri\u00e9t\u00e9 ? Bostoen vous donne une image r\u00e9aliste des possibilit\u00e9s de d\u00e9veloppement immobilier.","og_url":"https:\/\/www.bostoen.be\/fr\/vente-de-proprietes\/","og_site_name":"Bostoen","article_modified_time":"2026-03-16T14:23:42+00:00","twitter_card":"summary_large_image","twitter_misc":{"Est. reading time":"4 minutes"},"schema":{"@context":"https:\/\/schema.org","@graph":[{"@type":"WebPage","@id":"https:\/\/www.bostoen.be\/fr\/vente-de-proprietes\/","url":"https:\/\/www.bostoen.be\/fr\/vente-de-proprietes\/","name":"Vente de votre propri\u00e9t\u00e9 | Bostoen","isPartOf":{"@id":"https:\/\/www.bostoen.be\/#website"},"datePublished":"2021-07-26T13:13:57+00:00","dateModified":"2026-03-16T14:23:42+00:00","description":"Vous vendez votre maison, votre terrain ou votre propri\u00e9t\u00e9 ? Bostoen vous donne une image r\u00e9aliste des possibilit\u00e9s de d\u00e9veloppement immobilier.","breadcrumb":{"@id":"https:\/\/www.bostoen.be\/fr\/vente-de-proprietes\/#breadcrumb"},"inLanguage":"fr-BE","potentialAction":[{"@type":"ReadAction","target":["https:\/\/www.bostoen.be\/fr\/vente-de-proprietes\/"]}]},{"@type":"BreadcrumbList","@id":"https:\/\/www.bostoen.be\/fr\/vente-de-proprietes\/#breadcrumb","itemListElement":[{"@type":"ListItem","position":1,"name":"Home","item":"https:\/\/www.bostoen.be\/fr\/bienvenue-chez-bostoen\/"},{"@type":"ListItem","position":2,"name":"Vente de propri\u00e9t\u00e9s"}]},{"@type":"WebSite","@id":"https:\/\/www.bostoen.be\/#website","url":"https:\/\/www.bostoen.be\/","name":"Bostoen","description":"Promoteur et entreprise de construction de maisons et d'appartements neufs","potentialAction":[{"@type":"SearchAction","target":{"@type":"EntryPoint","urlTemplate":"https:\/\/www.bostoen.be\/?s={search_term_string}"},"query-input":{"@type":"PropertyValueSpecification","valueRequired":true,"valueName":"search_term_string"}}],"inLanguage":"fr-BE"}]}},"_links":{"self":[{"href":"https:\/\/www.bostoen.be\/fr\/wp-json\/wp\/v2\/pages\/7026","targetHints":{"allow":["GET"]}}],"collection":[{"href":"https:\/\/www.bostoen.be\/fr\/wp-json\/wp\/v2\/pages"}],"about":[{"href":"https:\/\/www.bostoen.be\/fr\/wp-json\/wp\/v2\/types\/page"}],"author":[{"embeddable":true,"href":"https:\/\/www.bostoen.be\/fr\/wp-json\/wp\/v2\/users\/1"}],"replies":[{"embeddable":true,"href":"https:\/\/www.bostoen.be\/fr\/wp-json\/wp\/v2\/comments?post=7026"}],"version-history":[{"count":2,"href":"https:\/\/www.bostoen.be\/fr\/wp-json\/wp\/v2\/pages\/7026\/revisions"}],"predecessor-version":[{"id":113243,"href":"https:\/\/www.bostoen.be\/fr\/wp-json\/wp\/v2\/pages\/7026\/revisions\/113243"}],"wp:attachment":[{"href":"https:\/\/www.bostoen.be\/fr\/wp-json\/wp\/v2\/media?parent=7026"}],"curies":[{"name":"wp","href":"https:\/\/api.w.org\/{rel}","templated":true}]}}