{"id":6990,"date":"2021-12-15T12:38:27","date_gmt":"2021-12-15T12:38:27","guid":{"rendered":"https:\/\/www.bostoen.be\/?page_id=6990"},"modified":"2023-03-29T10:24:12","modified_gmt":"2023-03-29T10:24:12","slug":"pourquoi-choisir-bostoen","status":"publish","type":"page","link":"https:\/\/www.bostoen.be\/fr\/a-propos-de-bostoen\/pourquoi-choisir-bostoen\/","title":{"rendered":"Pourquoi choisir Bostoen ?"},"content":{"rendered":"<div class=\"wp-block-banner-container wp-blocks-block  alignfull\">\n    <div >\n    \n    <div class=\"relative\">\n        <div class=\"container\">\n            \n        <\/div>\n    <\/div>\n<\/div>\n\n<div\n    class=\"container flex items-start relative\"\n>\n    \n    <div\n        class=\"w-full\"\n    >\n        <div class=\"inner-blocks\">\n    \n\n<h1 class=\"has-spacing-small alignwide wp-block-heading\">Pourquoi choisir <strong><mark style=\"background-color:rgba(0, 0, 0, 0)\" class=\"has-inline-color has-primary-color\">Bostoen<\/mark><\/strong>?<\/h1>\n\n\n<p class=\"wp-block-paragraph has-spacing-small alignwide has-text-align-wide\">Chez Bostoen, nous ne construisons pas seulement des maisons, nous cr\u00e9ons votre maison. Et nous le faisons \u00e0 travers ces sept engagements:<\/p>\n\n<p class=\"wp-block-paragraph has-spacing-extra-small alignwide has-text-align-wide\"><mark style=\"background-color:rgba(0, 0, 0, 0)\" class=\"has-inline-color has-text-color\"><strong>1. Pr\u00e8s de 50 ans d&#8217;exp\u00e9rience<\/strong><br><\/mark>Avec pr\u00e8s de 50 ans d&#8217;expertise dans le domaine de la construction, vous pouvez compter sur nous. En tant que promoteur immobilier et entrepreneur, vous trouverez chez nous tout sous un m\u00eame toit.<\/p>\n\n<p class=\"wp-block-paragraph has-spacing-extra-small alignwide has-text-align-wide\"><mark style=\"background-color:rgba(0, 0, 0, 0)\" class=\"has-inline-color has-text-color\"><strong>2. Construction sans souci<\/strong><br><\/mark>Chaque collaborateur motiv\u00e9 de Bostoen garantit une exp\u00e9rience sans probl\u00e8me pendant le processus de construction.<\/p>\n\n<p class=\"wp-block-paragraph has-spacing-extra-small alignwide has-text-align-wide\"><mark style=\"background-color:rgba(0, 0, 0, 0)\" class=\"has-inline-color has-text-color\"><strong>3. Coaching personnel<\/strong><br><\/mark>D\u00e8s le premier contact, nous vous accompagnons personnellement et de mani\u00e8re transparente tout au long du processus.<\/p>\n\n<p class=\"wp-block-paragraph has-spacing-extra-small alignwide has-text-align-wide\"><mark style=\"background-color:rgba(0, 0, 0, 0)\" class=\"has-inline-color has-text-color\"><strong>4. Inspiration<\/strong><br><\/mark>Nos sp\u00e9cialistes de l&#8217;am\u00e9nagement int\u00e9rieur se feront un plaisir de vous recevoir et de vous guider dans les choix qui feront de votre maison votre foyer. Vous pouvez toujours prendre rendez-vous pour visiter l&#8217;une de nos <a href=\"https:\/\/www.bostoen.be\/fr\/maisons-de-visionnage\/\">maisons t\u00e9moins<\/a>, ou passer nous voir lors de nos <a href=\"https:\/\/www.bostoen.be\/fr\/maisons-de-visionnage\/jours-de-visionnage\/\">journ\u00e9es d&#8217;exposition<\/a>.<\/p>\n\n<p class=\"wp-block-paragraph has-spacing-extra-small alignwide has-text-align-wide\"><mark style=\"background-color:rgba(0, 0, 0, 0)\" class=\"has-inline-color has-text-color\"><strong>5. Durabilit\u00e9<\/strong><br><\/mark>Nous agissons dans le respect des personnes et de l&#8217;environnement et choisissons toujours des mat\u00e9riaux durables.<\/p>\n\n<p class=\"wp-block-paragraph has-spacing-extra-small alignwide has-text-align-wide\"><mark style=\"background-color:rgba(0, 0, 0, 0)\" class=\"has-inline-color has-text-color\"><strong>6. Qualit\u00e9<\/strong><\/mark><\/p>\n\n<p class=\"wp-block-paragraph has-spacing-extra-small alignwide has-text-align-wide\">Chez Bostoen, la qualit\u00e9 est primordiale. Nous ne travaillons qu&#8217;avec les meilleurs mat\u00e9riaux de construction et optons pour de nouvelles techniques efficaces sur le plan \u00e9nerg\u00e9tique.<\/p>\n\n<p class=\"wp-block-paragraph has-spacing-extra-small alignwide has-text-align-wide\"><mark style=\"background-color:rgba(0, 0, 0, 0)\" class=\"has-inline-color has-text-color\"><strong>7. S&#8217;efforcer de s&#8217;am\u00e9liorer<\/strong><br><\/mark>Des clients enthousiastes et satisfaits, voil\u00e0 ce que nous faisons. Nous nous effor\u00e7ons d&#8217;am\u00e9liorer continuellement notre approche.<\/p>\n\n\n<div style=\"height:80px\" aria-hidden=\"true\" class=\"wp-block-spacer\"><\/div>\n\n\n<div class=\"wp-block-button-custom wp-blocks-block is-style-transparent alignwide\">\n        <div\n        class=\"text-right\"\n    >\n        <a\n            class=\"group font-condensed inline-flex items-center py-1 px-12 rounded-md transition-colors duration-200 cursor-pointer no-underline font-condensed !text-white hover:!text-white bg-primary-500 hover:bg-primary-400 font-bold\" target=\"\"\n                    href=\"https:\/\/www.bostoen.be\/fr\/a-propos-de-bostoen\/\"\n                                >\n            \n            Retour \u00e0 la vue d&#039;ensemble\n\n                        <span class=\"ml-4 transition-transform duration-200 inline-block group-hover:transform group-hover:translate-x-2\">\n                <svg xmlns=\"http:\/\/www.w3.org\/2000\/svg\" viewBox=\"0 0 448 512\" class=\"svg-inline--fa  far fa-long-arrow-right\" role=\"img\" aria-hidden=\"true\" style=\"color:currentColor\"><!-- Font Awesome Pro 5.15.3 by @fontawesome - https:\/\/fontawesome.com License - https:\/\/fontawesome.com\/license (Commercial License) --><path d=\"M295.515 115.716l-19.626 19.626c-4.753 4.753-4.675 12.484.173 17.14L356.78 230H12c-6.627 0-12 5.373-12 12v28c0 6.627 5.373 12 12 12h344.78l-80.717 77.518c-4.849 4.656-4.927 12.387-.173 17.14l19.626 19.626c4.686 4.686 12.284 4.686 16.971 0l131.799-131.799c4.686-4.686 4.686-12.284 0-16.971L312.485 115.716c-4.686-4.686-12.284-4.686-16.97 0z\" fill=\"currentColor\"><\/path><\/svg>\n            <\/span>\n                    <\/a>\n    <\/div>\n    <\/div>\n\n\n<\/div>\n    <\/div>\n<\/div>\n<\/div>\n","protected":false},"excerpt":{"rendered":"","protected":false},"author":12,"featured_media":0,"parent":8075,"menu_order":0,"comment_status":"closed","ping_status":"closed","template":"","meta":{"_acf_changed":false,"content-type":"","footnotes":""},"class_list":["post-6990","page","type-page","status-publish","hentry"],"acf":[],"yoast_head":"<!-- This site is optimized with the Yoast SEO Premium plugin v21.0 (Yoast SEO v24.9) - https:\/\/yoast.com\/wordpress\/plugins\/seo\/ -->\n<title>Pourquoi choisir Bostoen? | Bostoen<\/title>\n<meta name=\"description\" content=\"Pourquoi choisir Bostoen? Nous ne construisons pas seulement des maisons, nous r\u00e9alisons votre maison. D\u00e9couvrez nos sept engagements.\" \/>\n<meta name=\"robots\" content=\"index, follow, max-snippet:-1, max-image-preview:large, max-video-preview:-1\" \/>\n<link rel=\"canonical\" href=\"https:\/\/www.bostoen.be\/fr\/a-propos-de-bostoen\/pourquoi-choisir-bostoen\/\" \/>\n<meta property=\"og:locale\" content=\"fr_FR\" \/>\n<meta property=\"og:type\" content=\"article\" \/>\n<meta property=\"og:title\" content=\"Pourquoi choisir Bostoen ?\" \/>\n<meta property=\"og:description\" content=\"Pourquoi choisir Bostoen? Nous ne construisons pas seulement des maisons, nous r\u00e9alisons votre maison. D\u00e9couvrez nos sept engagements.\" \/>\n<meta property=\"og:url\" content=\"https:\/\/www.bostoen.be\/fr\/a-propos-de-bostoen\/pourquoi-choisir-bostoen\/\" \/>\n<meta property=\"og:site_name\" content=\"Bostoen\" \/>\n<meta property=\"article:modified_time\" content=\"2023-03-29T10:24:12+00:00\" \/>\n<meta name=\"twitter:card\" content=\"summary_large_image\" \/>\n<meta name=\"twitter:label1\" content=\"Est. reading time\" \/>\n\t<meta name=\"twitter:data1\" content=\"2 minutes\" \/>\n<script type=\"application\/ld+json\" class=\"yoast-schema-graph\">{\"@context\":\"https:\/\/schema.org\",\"@graph\":[{\"@type\":\"WebPage\",\"@id\":\"https:\/\/www.bostoen.be\/fr\/a-propos-de-bostoen\/pourquoi-choisir-bostoen\/\",\"url\":\"https:\/\/www.bostoen.be\/fr\/a-propos-de-bostoen\/pourquoi-choisir-bostoen\/\",\"name\":\"Pourquoi choisir Bostoen? | Bostoen\",\"isPartOf\":{\"@id\":\"https:\/\/www.bostoen.be\/#website\"},\"datePublished\":\"2021-12-15T12:38:27+00:00\",\"dateModified\":\"2023-03-29T10:24:12+00:00\",\"description\":\"Pourquoi choisir Bostoen? Nous ne construisons pas seulement des maisons, nous r\u00e9alisons votre maison. D\u00e9couvrez nos sept engagements.\",\"breadcrumb\":{\"@id\":\"https:\/\/www.bostoen.be\/fr\/a-propos-de-bostoen\/pourquoi-choisir-bostoen\/#breadcrumb\"},\"inLanguage\":\"fr-BE\",\"potentialAction\":[{\"@type\":\"ReadAction\",\"target\":[\"https:\/\/www.bostoen.be\/fr\/a-propos-de-bostoen\/pourquoi-choisir-bostoen\/\"]}]},{\"@type\":\"BreadcrumbList\",\"@id\":\"https:\/\/www.bostoen.be\/fr\/a-propos-de-bostoen\/pourquoi-choisir-bostoen\/#breadcrumb\",\"itemListElement\":[{\"@type\":\"ListItem\",\"position\":1,\"name\":\"Home\",\"item\":\"https:\/\/www.bostoen.be\/fr\/bienvenue-chez-bostoen\/\"},{\"@type\":\"ListItem\",\"position\":2,\"name\":\"\u00c0 propos de Bostoen\",\"item\":\"https:\/\/www.bostoen.be\/fr\/a-propos-de-bostoen\/\"},{\"@type\":\"ListItem\",\"position\":3,\"name\":\"Pourquoi choisir Bostoen ?\"}]},{\"@type\":\"WebSite\",\"@id\":\"https:\/\/www.bostoen.be\/#website\",\"url\":\"https:\/\/www.bostoen.be\/\",\"name\":\"Bostoen\",\"description\":\"Promoteur et entreprise de construction de maisons et d'appartements neufs\",\"potentialAction\":[{\"@type\":\"SearchAction\",\"target\":{\"@type\":\"EntryPoint\",\"urlTemplate\":\"https:\/\/www.bostoen.be\/?s={search_term_string}\"},\"query-input\":{\"@type\":\"PropertyValueSpecification\",\"valueRequired\":true,\"valueName\":\"search_term_string\"}}],\"inLanguage\":\"fr-BE\"}]}<\/script>\n<!-- \/ Yoast SEO Premium plugin. -->","yoast_head_json":{"title":"Pourquoi choisir Bostoen? | Bostoen","description":"Pourquoi choisir Bostoen? Nous ne construisons pas seulement des maisons, nous r\u00e9alisons votre maison. D\u00e9couvrez nos sept engagements.","robots":{"index":"index","follow":"follow","max-snippet":"max-snippet:-1","max-image-preview":"max-image-preview:large","max-video-preview":"max-video-preview:-1"},"canonical":"https:\/\/www.bostoen.be\/fr\/a-propos-de-bostoen\/pourquoi-choisir-bostoen\/","og_locale":"fr_FR","og_type":"article","og_title":"Pourquoi choisir Bostoen ?","og_description":"Pourquoi choisir Bostoen? Nous ne construisons pas seulement des maisons, nous r\u00e9alisons votre maison. D\u00e9couvrez nos sept engagements.","og_url":"https:\/\/www.bostoen.be\/fr\/a-propos-de-bostoen\/pourquoi-choisir-bostoen\/","og_site_name":"Bostoen","article_modified_time":"2023-03-29T10:24:12+00:00","twitter_card":"summary_large_image","twitter_misc":{"Est. reading time":"2 minutes"},"schema":{"@context":"https:\/\/schema.org","@graph":[{"@type":"WebPage","@id":"https:\/\/www.bostoen.be\/fr\/a-propos-de-bostoen\/pourquoi-choisir-bostoen\/","url":"https:\/\/www.bostoen.be\/fr\/a-propos-de-bostoen\/pourquoi-choisir-bostoen\/","name":"Pourquoi choisir Bostoen? | Bostoen","isPartOf":{"@id":"https:\/\/www.bostoen.be\/#website"},"datePublished":"2021-12-15T12:38:27+00:00","dateModified":"2023-03-29T10:24:12+00:00","description":"Pourquoi choisir Bostoen? Nous ne construisons pas seulement des maisons, nous r\u00e9alisons votre maison. D\u00e9couvrez nos sept engagements.","breadcrumb":{"@id":"https:\/\/www.bostoen.be\/fr\/a-propos-de-bostoen\/pourquoi-choisir-bostoen\/#breadcrumb"},"inLanguage":"fr-BE","potentialAction":[{"@type":"ReadAction","target":["https:\/\/www.bostoen.be\/fr\/a-propos-de-bostoen\/pourquoi-choisir-bostoen\/"]}]},{"@type":"BreadcrumbList","@id":"https:\/\/www.bostoen.be\/fr\/a-propos-de-bostoen\/pourquoi-choisir-bostoen\/#breadcrumb","itemListElement":[{"@type":"ListItem","position":1,"name":"Home","item":"https:\/\/www.bostoen.be\/fr\/bienvenue-chez-bostoen\/"},{"@type":"ListItem","position":2,"name":"\u00c0 propos de Bostoen","item":"https:\/\/www.bostoen.be\/fr\/a-propos-de-bostoen\/"},{"@type":"ListItem","position":3,"name":"Pourquoi choisir Bostoen ?"}]},{"@type":"WebSite","@id":"https:\/\/www.bostoen.be\/#website","url":"https:\/\/www.bostoen.be\/","name":"Bostoen","description":"Promoteur et entreprise de construction de maisons et d'appartements neufs","potentialAction":[{"@type":"SearchAction","target":{"@type":"EntryPoint","urlTemplate":"https:\/\/www.bostoen.be\/?s={search_term_string}"},"query-input":{"@type":"PropertyValueSpecification","valueRequired":true,"valueName":"search_term_string"}}],"inLanguage":"fr-BE"}]}},"_links":{"self":[{"href":"https:\/\/www.bostoen.be\/fr\/wp-json\/wp\/v2\/pages\/6990","targetHints":{"allow":["GET"]}}],"collection":[{"href":"https:\/\/www.bostoen.be\/fr\/wp-json\/wp\/v2\/pages"}],"about":[{"href":"https:\/\/www.bostoen.be\/fr\/wp-json\/wp\/v2\/types\/page"}],"author":[{"embeddable":true,"href":"https:\/\/www.bostoen.be\/fr\/wp-json\/wp\/v2\/users\/12"}],"replies":[{"embeddable":true,"href":"https:\/\/www.bostoen.be\/fr\/wp-json\/wp\/v2\/comments?post=6990"}],"version-history":[{"count":2,"href":"https:\/\/www.bostoen.be\/fr\/wp-json\/wp\/v2\/pages\/6990\/revisions"}],"predecessor-version":[{"id":25567,"href":"https:\/\/www.bostoen.be\/fr\/wp-json\/wp\/v2\/pages\/6990\/revisions\/25567"}],"up":[{"embeddable":true,"href":"https:\/\/www.bostoen.be\/fr\/wp-json\/wp\/v2\/pages\/8075"}],"wp:attachment":[{"href":"https:\/\/www.bostoen.be\/fr\/wp-json\/wp\/v2\/media?parent=6990"}],"curies":[{"name":"wp","href":"https:\/\/api.w.org\/{rel}","templated":true}]}}