{"id":6985,"date":"2021-12-15T12:31:42","date_gmt":"2021-12-15T12:31:42","guid":{"rendered":"https:\/\/www.bostoen.be\/?page_id=6985"},"modified":"2023-03-29T14:28:01","modified_gmt":"2023-03-29T14:28:01","slug":"salle-dexposition","status":"publish","type":"page","link":"https:\/\/www.bostoen.be\/fr\/salle-dexposition\/","title":{"rendered":"Salle d&#8217;exposition"},"content":{"rendered":"\n<h1 class=\"has-spacing-small alignwide has-text-align-center wp-block-heading\" id=\"bekijk-onze-toonzaal\">Visitez notre <strong><mark style=\"background-color:rgba(0, 0, 0, 0)\" class=\"has-inline-color has-primary-color\">salle d&#8217;exposition<\/mark><\/strong><\/h1>\n\n\n<p class=\"wp-block-paragraph has-spacing-small has-text-align-center\">Vous \u00eates curieux de conna\u00eetre notre approche ou vous voulez jeter un coup d&#8217;\u0153il \u00e0 nos mat\u00e9riaux ? Prenez rendez-vous avec l&#8217;un de nos conseillers en construction pour visiter notre salle d&#8217;exposition \u00e0 Drongen.<\/p>\n\n<div class=\"wp-block-button-custom wp-blocks-block  alignwide\">\n        <div\n        class=\"text-center\"\n    >\n        <a\n            class=\"group font-condensed inline-flex items-center py-1 px-12 rounded-md transition-colors duration-200 cursor-pointer no-underline font-condensed !text-white hover:!text-white bg-primary-500 hover:bg-primary-400 font-bold\" target=\"\"\n                    href=\"https:\/\/www.bostoen.be\/fr\/contact\/\"\n                                >\n            \n            Prendre rendez-vous\n\n                        <span class=\"ml-4 transition-transform duration-200 inline-block group-hover:transform group-hover:translate-x-2\">\n                <svg xmlns=\"http:\/\/www.w3.org\/2000\/svg\" viewBox=\"0 0 448 512\" class=\"svg-inline--fa  far fa-long-arrow-right\" role=\"img\" aria-hidden=\"true\" style=\"color:currentColor\"><!-- Font Awesome Pro 5.15.3 by @fontawesome - https:\/\/fontawesome.com License - https:\/\/fontawesome.com\/license (Commercial License) --><path d=\"M295.515 115.716l-19.626 19.626c-4.753 4.753-4.675 12.484.173 17.14L356.78 230H12c-6.627 0-12 5.373-12 12v28c0 6.627 5.373 12 12 12h344.78l-80.717 77.518c-4.849 4.656-4.927 12.387-.173 17.14l19.626 19.626c4.686 4.686 12.284 4.686 16.971 0l131.799-131.799c4.686-4.686 4.686-12.284 0-16.971L312.485 115.716c-4.686-4.686-12.284-4.686-16.97 0z\" fill=\"currentColor\"><\/path><\/svg>\n            <\/span>\n                    <\/a>\n    <\/div>\n    <\/div>\n\n\n\n<div style=\"height:24px\" aria-hidden=\"true\" class=\"wp-block-spacer\"><\/div>\n\n\n\n<div class=\"wp-block-columns has-2-columns alignwide is-layout-flex wp-container-core-columns-is-layout-9d6595d7 wp-block-columns has-2-columns-is-layout-flex\">\n<div class=\"wp-block-column is-layout-flow wp-block-column-is-layout-flow\">\n<figure class=\"wp-block-image size-large\"><img loading=\"lazy\" decoding=\"async\" width=\"1024\" height=\"683\" src=\"https:\/\/www.bostoen.be\/uploads\/2022\/12\/Bostoen-toonzaal-Drongen-1024x683.webp\" alt=\"Bostoen toonzaal Drongen ontvangstruimte\" class=\"wp-image-24479\" srcset=\"https:\/\/www.bostoen.be\/uploads\/2022\/12\/Bostoen-toonzaal-Drongen-1024x683.webp 1024w, https:\/\/www.bostoen.be\/uploads\/2022\/12\/Bostoen-toonzaal-Drongen-300x200.webp 300w, https:\/\/www.bostoen.be\/uploads\/2022\/12\/Bostoen-toonzaal-Drongen-768x512.webp 768w, https:\/\/www.bostoen.be\/uploads\/2022\/12\/Bostoen-toonzaal-Drongen-1536x1024.webp 1536w, https:\/\/www.bostoen.be\/uploads\/2022\/12\/Bostoen-toonzaal-Drongen.webp 1920w\" sizes=\"auto, (max-width: 1024px) 100vw, 1024px\" \/><\/figure>\n<\/div>\n\n\n\n<div class=\"wp-block-column is-layout-flow wp-block-column-is-layout-flow\">\n<figure class=\"wp-block-image size-large\"><img loading=\"lazy\" decoding=\"async\" width=\"1024\" height=\"683\" src=\"https:\/\/www.bostoen.be\/uploads\/2022\/12\/Bostoen-toonzaal-Drongen-2-1024x683.webp\" alt=\"Bostoen toonzaal Drongen materialen\" class=\"wp-image-24480\" srcset=\"https:\/\/www.bostoen.be\/uploads\/2022\/12\/Bostoen-toonzaal-Drongen-2-1024x683.webp 1024w, https:\/\/www.bostoen.be\/uploads\/2022\/12\/Bostoen-toonzaal-Drongen-2-300x200.webp 300w, https:\/\/www.bostoen.be\/uploads\/2022\/12\/Bostoen-toonzaal-Drongen-2-768x512.webp 768w, https:\/\/www.bostoen.be\/uploads\/2022\/12\/Bostoen-toonzaal-Drongen-2-1536x1024.webp 1536w, https:\/\/www.bostoen.be\/uploads\/2022\/12\/Bostoen-toonzaal-Drongen-2.webp 1920w\" sizes=\"auto, (max-width: 1024px) 100vw, 1024px\" \/><\/figure>\n<\/div>\n<\/div>\n\n\n\n<div class=\"wp-block-columns has-2-columns alignwide is-layout-flex wp-container-core-columns-is-layout-9d6595d7 wp-block-columns has-2-columns-is-layout-flex\">\n<div class=\"wp-block-column is-layout-flow wp-block-column-is-layout-flow\">\n<figure class=\"wp-block-image size-large\"><img loading=\"lazy\" decoding=\"async\" width=\"1024\" height=\"683\" src=\"https:\/\/www.bostoen.be\/uploads\/2022\/12\/Bostoen-toonzaal-Drongen-3-1024x683.webp\" alt=\"Bostoen toonzaal Drongen sanitair\" class=\"wp-image-24481\" srcset=\"https:\/\/www.bostoen.be\/uploads\/2022\/12\/Bostoen-toonzaal-Drongen-3-1024x683.webp 1024w, https:\/\/www.bostoen.be\/uploads\/2022\/12\/Bostoen-toonzaal-Drongen-3-300x200.webp 300w, https:\/\/www.bostoen.be\/uploads\/2022\/12\/Bostoen-toonzaal-Drongen-3-768x512.webp 768w, https:\/\/www.bostoen.be\/uploads\/2022\/12\/Bostoen-toonzaal-Drongen-3-1536x1024.webp 1536w, https:\/\/www.bostoen.be\/uploads\/2022\/12\/Bostoen-toonzaal-Drongen-3.webp 1920w\" sizes=\"auto, (max-width: 1024px) 100vw, 1024px\" \/><\/figure>\n<\/div>\n\n\n\n<div class=\"wp-block-column is-layout-flow wp-block-column-is-layout-flow\">\n<figure class=\"wp-block-image size-large\"><img loading=\"lazy\" decoding=\"async\" width=\"1024\" height=\"683\" src=\"https:\/\/www.bostoen.be\/uploads\/2022\/12\/Bostoen-toonzaal-Drongen-4-1024x683.webp\" alt=\"Bostoen toonzaal Drongen vergaderzaal\" class=\"wp-image-24482\" srcset=\"https:\/\/www.bostoen.be\/uploads\/2022\/12\/Bostoen-toonzaal-Drongen-4-1024x683.webp 1024w, https:\/\/www.bostoen.be\/uploads\/2022\/12\/Bostoen-toonzaal-Drongen-4-300x200.webp 300w, https:\/\/www.bostoen.be\/uploads\/2022\/12\/Bostoen-toonzaal-Drongen-4-768x512.webp 768w, https:\/\/www.bostoen.be\/uploads\/2022\/12\/Bostoen-toonzaal-Drongen-4-1536x1024.webp 1536w, https:\/\/www.bostoen.be\/uploads\/2022\/12\/Bostoen-toonzaal-Drongen-4.webp 1920w\" sizes=\"auto, (max-width: 1024px) 100vw, 1024px\" \/><\/figure>\n<\/div>\n<\/div>\n\n\n\n<div style=\"height:10px\" aria-hidden=\"true\" class=\"wp-block-spacer\"><\/div>\n\n\n\n<h2 class=\"has-spacing-small has-text-align-center wp-block-heading\" id=\"bekijk-hier-onze-volledige-showroom\">Voir l&#8217;ensemble de notre <strong><mark style=\"background-color:rgba(0, 0, 0, 0)\" class=\"has-inline-color has-primary-color\">salle d&#8217;exposition<\/mark><\/strong> ici<\/h2>\n\n\n\n<figure class=\"wp-block-embed is-type-video is-provider-youtube wp-block-embed-youtube wp-embed-aspect-16-9 wp-has-aspect-ratio\"><div class=\"wp-block-embed__wrapper\">\n<iframe loading=\"lazy\" title=\"Bezoek onze Bostoen toonzaal\" width=\"500\" height=\"281\" src=\"https:\/\/www.youtube.com\/embed\/_-0qjjw_QAw?feature=oembed\" frameborder=\"0\" allow=\"accelerometer; autoplay; clipboard-write; encrypted-media; gyroscope; picture-in-picture; web-share\" referrerpolicy=\"strict-origin-when-cross-origin\" allowfullscreen><\/iframe>\n<\/div><\/figure>\n\n\n\n<div style=\"height:36px\" aria-hidden=\"true\" class=\"wp-block-spacer\"><\/div>\n\n\n<div\nclass=\"w-full bg-primary-500 text-white py-14 wp-blocks-block  alignfull\"\n>\n    <div class=\"wysiwyg container flex !flex-col !items-center\">\n                    <div class=\"cta-title w-full !text-xl md:!text-2xl xl:!text-3xl !leading-tight font-light inline-block\">\n                <p style=\"text-align: center;\">Planifiez votre visite dans notre salle d&#8217;exposition<\/p>\n\n            <\/div>\n                            <div class=\"cta-text max-w-md mt-8\">\n                <p style=\"text-align: center;\">Koninginnelaan 25, 9031 Drongen<\/p>\n\n            <\/div>\n                            <div class=\"mt-8\">\n                <a\n        href=\"https:\/\/www.bostoen.be\/fr\/contact\/\" target=\"\" class=\"rounded-full inline-flex items-center my-2 px-6 py-3 group border !border-white !text-white hover:!text-primary-500 hover:bg-white transition-all duration-300 !no-underline\"\n    >\n        Contactez nous\n        <svg xmlns=\"http:\/\/www.w3.org\/2000\/svg\" viewBox=\"0 0 448 512\" class=\"svg-inline--fa  fal fa-long-arrow-right ml-3 text-2xl !text-white group-hover:!text-primary-500 transform group-hover:translate-x-2 transition-all duration-200\" role=\"img\" aria-hidden=\"true\" style=\"color:currentColor\"><!-- Font Awesome Pro 5.15.3 by @fontawesome - https:\/\/fontawesome.com License - https:\/\/fontawesome.com\/license (Commercial License) --><path d=\"M311.03 131.515l-7.071 7.07c-4.686 4.686-4.686 12.284 0 16.971L387.887 239H12c-6.627 0-12 5.373-12 12v10c0 6.627 5.373 12 12 12h375.887l-83.928 83.444c-4.686 4.686-4.686 12.284 0 16.971l7.071 7.07c4.686 4.686 12.284 4.686 16.97 0l116.485-116c4.686-4.686 4.686-12.284 0-16.971L328 131.515c-4.686-4.687-12.284-4.687-16.97 0z\" fill=\"currentColor\"><\/path><\/svg>\n    <\/a>\n            <\/div>\n            <\/div>\n\n<\/div>\n","protected":false},"excerpt":{"rendered":"<p>Visitez notre salle d&#8217;exposition Vous \u00eates curieux de conna\u00eetre notre approche ou vous voulez jeter un coup d&#8217;\u0153il \u00e0 nos mat\u00e9riaux ? Prenez rendez-vous avec l&#8217;un de nos conseillers en construction pour visiter notre salle d&#8217;exposition \u00e0 Drongen. Voir l&#8217;ensemble&#8230;<\/p>\n","protected":false},"author":12,"featured_media":0,"parent":0,"menu_order":0,"comment_status":"closed","ping_status":"closed","template":"","meta":{"_acf_changed":false,"content-type":"","footnotes":""},"class_list":["post-6985","page","type-page","status-publish","hentry"],"acf":[],"yoast_head":"<!-- This site is optimized with the Yoast SEO Premium plugin v21.0 (Yoast SEO v24.9) - https:\/\/yoast.com\/wordpress\/plugins\/seo\/ -->\n<title>Visitez notre salle d&#039;exposition | Bostoen<\/title>\n<meta name=\"description\" content=\"Curieux de conna\u00eetre notre approche ou de jeter un coup d&#039;\u0153il \u00e0 nos mat\u00e9riaux? Prenez rendez-vous pour visiter notre salle d&#039;exposition \u00e0 Drongen.\" \/>\n<meta name=\"robots\" content=\"index, follow, max-snippet:-1, max-image-preview:large, max-video-preview:-1\" \/>\n<link rel=\"canonical\" href=\"https:\/\/www.bostoen.be\/fr\/salle-dexposition\/\" \/>\n<meta property=\"og:locale\" content=\"fr_FR\" \/>\n<meta property=\"og:type\" content=\"article\" \/>\n<meta property=\"og:title\" content=\"Salle d&#039;exposition\" \/>\n<meta property=\"og:description\" content=\"Curieux de conna\u00eetre notre approche ou de jeter un coup d&#039;\u0153il \u00e0 nos mat\u00e9riaux? Prenez rendez-vous pour visiter notre salle d&#039;exposition \u00e0 Drongen.\" \/>\n<meta property=\"og:url\" content=\"https:\/\/www.bostoen.be\/fr\/salle-dexposition\/\" \/>\n<meta property=\"og:site_name\" content=\"Bostoen\" \/>\n<meta property=\"article:modified_time\" content=\"2023-03-29T14:28:01+00:00\" \/>\n<meta property=\"og:image\" content=\"https:\/\/www.bostoen.be\/uploads\/2022\/12\/Bostoen-toonzaal-Drongen-1024x683.webp\" \/>\n<meta name=\"twitter:card\" content=\"summary_large_image\" \/>\n<meta name=\"twitter:label1\" content=\"Est. reading time\" \/>\n\t<meta name=\"twitter:data1\" content=\"2 minutes\" \/>\n<script type=\"application\/ld+json\" class=\"yoast-schema-graph\">{\"@context\":\"https:\/\/schema.org\",\"@graph\":[{\"@type\":\"WebPage\",\"@id\":\"https:\/\/www.bostoen.be\/fr\/salle-dexposition\/\",\"url\":\"https:\/\/www.bostoen.be\/fr\/salle-dexposition\/\",\"name\":\"Visitez notre salle d'exposition | Bostoen\",\"isPartOf\":{\"@id\":\"https:\/\/www.bostoen.be\/#website\"},\"primaryImageOfPage\":{\"@id\":\"https:\/\/www.bostoen.be\/fr\/salle-dexposition\/#primaryimage\"},\"image\":{\"@id\":\"https:\/\/www.bostoen.be\/fr\/salle-dexposition\/#primaryimage\"},\"thumbnailUrl\":\"https:\/\/www.bostoen.be\/uploads\/2022\/12\/Bostoen-toonzaal-Drongen-1024x683.webp\",\"datePublished\":\"2021-12-15T12:31:42+00:00\",\"dateModified\":\"2023-03-29T14:28:01+00:00\",\"description\":\"Curieux de conna\u00eetre notre approche ou de jeter un coup d'\u0153il \u00e0 nos mat\u00e9riaux? Prenez rendez-vous pour visiter notre salle d'exposition \u00e0 Drongen.\",\"breadcrumb\":{\"@id\":\"https:\/\/www.bostoen.be\/fr\/salle-dexposition\/#breadcrumb\"},\"inLanguage\":\"fr-BE\",\"potentialAction\":[{\"@type\":\"ReadAction\",\"target\":[\"https:\/\/www.bostoen.be\/fr\/salle-dexposition\/\"]}]},{\"@type\":\"ImageObject\",\"inLanguage\":\"fr-BE\",\"@id\":\"https:\/\/www.bostoen.be\/fr\/salle-dexposition\/#primaryimage\",\"url\":\"https:\/\/www.bostoen.be\/uploads\/2022\/12\/Bostoen-toonzaal-Drongen-1024x683.webp\",\"contentUrl\":\"https:\/\/www.bostoen.be\/uploads\/2022\/12\/Bostoen-toonzaal-Drongen-1024x683.webp\"},{\"@type\":\"BreadcrumbList\",\"@id\":\"https:\/\/www.bostoen.be\/fr\/salle-dexposition\/#breadcrumb\",\"itemListElement\":[{\"@type\":\"ListItem\",\"position\":1,\"name\":\"Home\",\"item\":\"https:\/\/www.bostoen.be\/fr\/bienvenue-chez-bostoen\/\"},{\"@type\":\"ListItem\",\"position\":2,\"name\":\"Salle d&#8217;exposition\"}]},{\"@type\":\"WebSite\",\"@id\":\"https:\/\/www.bostoen.be\/#website\",\"url\":\"https:\/\/www.bostoen.be\/\",\"name\":\"Bostoen\",\"description\":\"Promoteur et entreprise de construction de maisons et d'appartements neufs\",\"potentialAction\":[{\"@type\":\"SearchAction\",\"target\":{\"@type\":\"EntryPoint\",\"urlTemplate\":\"https:\/\/www.bostoen.be\/?s={search_term_string}\"},\"query-input\":{\"@type\":\"PropertyValueSpecification\",\"valueRequired\":true,\"valueName\":\"search_term_string\"}}],\"inLanguage\":\"fr-BE\"}]}<\/script>\n<!-- \/ Yoast SEO Premium plugin. -->","yoast_head_json":{"title":"Visitez notre salle d'exposition | Bostoen","description":"Curieux de conna\u00eetre notre approche ou de jeter un coup d'\u0153il \u00e0 nos mat\u00e9riaux? Prenez rendez-vous pour visiter notre salle d'exposition \u00e0 Drongen.","robots":{"index":"index","follow":"follow","max-snippet":"max-snippet:-1","max-image-preview":"max-image-preview:large","max-video-preview":"max-video-preview:-1"},"canonical":"https:\/\/www.bostoen.be\/fr\/salle-dexposition\/","og_locale":"fr_FR","og_type":"article","og_title":"Salle d'exposition","og_description":"Curieux de conna\u00eetre notre approche ou de jeter un coup d'\u0153il \u00e0 nos mat\u00e9riaux? Prenez rendez-vous pour visiter notre salle d'exposition \u00e0 Drongen.","og_url":"https:\/\/www.bostoen.be\/fr\/salle-dexposition\/","og_site_name":"Bostoen","article_modified_time":"2023-03-29T14:28:01+00:00","og_image":[{"url":"https:\/\/www.bostoen.be\/uploads\/2022\/12\/Bostoen-toonzaal-Drongen-1024x683.webp","type":"","width":"","height":""}],"twitter_card":"summary_large_image","twitter_misc":{"Est. reading time":"2 minutes"},"schema":{"@context":"https:\/\/schema.org","@graph":[{"@type":"WebPage","@id":"https:\/\/www.bostoen.be\/fr\/salle-dexposition\/","url":"https:\/\/www.bostoen.be\/fr\/salle-dexposition\/","name":"Visitez notre salle d'exposition | Bostoen","isPartOf":{"@id":"https:\/\/www.bostoen.be\/#website"},"primaryImageOfPage":{"@id":"https:\/\/www.bostoen.be\/fr\/salle-dexposition\/#primaryimage"},"image":{"@id":"https:\/\/www.bostoen.be\/fr\/salle-dexposition\/#primaryimage"},"thumbnailUrl":"https:\/\/www.bostoen.be\/uploads\/2022\/12\/Bostoen-toonzaal-Drongen-1024x683.webp","datePublished":"2021-12-15T12:31:42+00:00","dateModified":"2023-03-29T14:28:01+00:00","description":"Curieux de conna\u00eetre notre approche ou de jeter un coup d'\u0153il \u00e0 nos mat\u00e9riaux? Prenez rendez-vous pour visiter notre salle d'exposition \u00e0 Drongen.","breadcrumb":{"@id":"https:\/\/www.bostoen.be\/fr\/salle-dexposition\/#breadcrumb"},"inLanguage":"fr-BE","potentialAction":[{"@type":"ReadAction","target":["https:\/\/www.bostoen.be\/fr\/salle-dexposition\/"]}]},{"@type":"ImageObject","inLanguage":"fr-BE","@id":"https:\/\/www.bostoen.be\/fr\/salle-dexposition\/#primaryimage","url":"https:\/\/www.bostoen.be\/uploads\/2022\/12\/Bostoen-toonzaal-Drongen-1024x683.webp","contentUrl":"https:\/\/www.bostoen.be\/uploads\/2022\/12\/Bostoen-toonzaal-Drongen-1024x683.webp"},{"@type":"BreadcrumbList","@id":"https:\/\/www.bostoen.be\/fr\/salle-dexposition\/#breadcrumb","itemListElement":[{"@type":"ListItem","position":1,"name":"Home","item":"https:\/\/www.bostoen.be\/fr\/bienvenue-chez-bostoen\/"},{"@type":"ListItem","position":2,"name":"Salle d&#8217;exposition"}]},{"@type":"WebSite","@id":"https:\/\/www.bostoen.be\/#website","url":"https:\/\/www.bostoen.be\/","name":"Bostoen","description":"Promoteur et entreprise de construction de maisons et d'appartements neufs","potentialAction":[{"@type":"SearchAction","target":{"@type":"EntryPoint","urlTemplate":"https:\/\/www.bostoen.be\/?s={search_term_string}"},"query-input":{"@type":"PropertyValueSpecification","valueRequired":true,"valueName":"search_term_string"}}],"inLanguage":"fr-BE"}]}},"_links":{"self":[{"href":"https:\/\/www.bostoen.be\/fr\/wp-json\/wp\/v2\/pages\/6985","targetHints":{"allow":["GET"]}}],"collection":[{"href":"https:\/\/www.bostoen.be\/fr\/wp-json\/wp\/v2\/pages"}],"about":[{"href":"https:\/\/www.bostoen.be\/fr\/wp-json\/wp\/v2\/types\/page"}],"author":[{"embeddable":true,"href":"https:\/\/www.bostoen.be\/fr\/wp-json\/wp\/v2\/users\/12"}],"replies":[{"embeddable":true,"href":"https:\/\/www.bostoen.be\/fr\/wp-json\/wp\/v2\/comments?post=6985"}],"version-history":[{"count":2,"href":"https:\/\/www.bostoen.be\/fr\/wp-json\/wp\/v2\/pages\/6985\/revisions"}],"predecessor-version":[{"id":25594,"href":"https:\/\/www.bostoen.be\/fr\/wp-json\/wp\/v2\/pages\/6985\/revisions\/25594"}],"wp:attachment":[{"href":"https:\/\/www.bostoen.be\/fr\/wp-json\/wp\/v2\/media?parent=6985"}],"curies":[{"name":"wp","href":"https:\/\/api.w.org\/{rel}","templated":true}]}}