{"id":1595,"date":"2021-12-17T14:49:55","date_gmt":"2021-12-17T14:49:55","guid":{"rendered":"https:\/\/www.bostoen.be\/?page_id=1595"},"modified":"2023-03-30T13:02:59","modified_gmt":"2023-03-30T13:02:59","slug":"comment-investir-dans-limmobilier","status":"publish","type":"page","link":"https:\/\/www.bostoen.be\/fr\/investir\/comment-investir-dans-limmobilier\/","title":{"rendered":"Comment investir dans l\u2019immobilier?"},"content":{"rendered":"<div class=\"wp-block-banner-container wp-blocks-block  alignfull\">\n    <div >\n    \n    <div class=\"relative\">\n        <div class=\"container\">\n            \n        <\/div>\n    <\/div>\n<\/div>\n\n<div\n    class=\"container flex items-start relative\"\n>\n    \n    <div\n        class=\"w-full\"\n    >\n        <div class=\"inner-blocks\">\n    \n\n<h1 class=\"has-spacing-small alignwide wp-block-heading\"><strong><mark style=\"background-color:rgba(0, 0, 0, 0)\" class=\"has-inline-color has-primary-color\">Comment investir <\/mark><\/strong><mark style=\"background-color:rgba(0, 0, 0, 0)\" class=\"has-inline-color has-text-color\">dans l&#8217;immobilier<\/mark>?<\/h1>\n\n\n<p class=\"wp-block-paragraph has-spacing-extra-small alignwide has-text-align-wide\">L&#8217;immobilier est un moyen durable et s\u00fbr d&#8217;investir. D\u00e9couvrez comment fonctionne exactement l&#8217;investissement dans l&#8217;immobilier en suivant les \u00e9tapes ci-dessous.<\/p>\n\n\n<h2 class=\"has-spacing-extra-small alignwide wp-block-heading\"><strong><mark style=\"background-color:rgba(0, 0, 0, 0)\" class=\"has-inline-color has-primary-color\">\u00c9tape 1: <\/mark><\/strong><mark style=\"background-color:rgba(0, 0, 0, 0)\" class=\"has-inline-color has-text-color\">d\u00e9finir des objectifs<\/mark><\/h2>\n\n\n<p class=\"wp-block-paragraph has-spacing-extra-small alignwide has-text-align-wide\">Avant d&#8217;acheter un bien immobilier \u00e0 des fins d&#8217;investissement, il est pr\u00e9f\u00e9rable de r\u00e9fl\u00e9chir \u00e0 sa destination. Voulez-vous acheter la r\u00e9sidence pour votre propre usage ou voulez-vous la louer? Souhaitez-vous que vos enfants emm\u00e9nagent plus tard dans ce bien? Ou souhaitez-vous le revendre apr\u00e8s quelque temps?<\/p>\n\n<p class=\"wp-block-paragraph has-spacing-small alignwide has-text-align-wide\">Les r\u00e9ponses \u00e0 ces questions sont tr\u00e8s importantes pour votre choix, car un appartement pour votre fils ou votre fille a probablement des caract\u00e9ristiques diff\u00e9rentes de celles d&#8217;un appartement \u00e0 louer. Pour vos enfants, l&#8217;id\u00e9al est de vivre dans une ville universitaire ou dans un quartier branch\u00e9 de leur r\u00e9gion. Vous souhaitez vivre vous-m\u00eame dans l&#8217;appartement lorsque vous serez plus \u00e2g\u00e9? Dans ce cas, vous opterez plus volontiers pour un logement situ\u00e9 au rez-de-chauss\u00e9e, avec un espace de vie et une salle de bains spacieux.<\/p>\n\n\n<h2 class=\"has-spacing-extra-small alignwide wp-block-heading\"><strong><mark style=\"background-color:rgba(0, 0, 0, 0)\" class=\"has-inline-color has-primary-color\">\u00c9tape 2: <\/mark><\/strong><mark style=\"background-color:rgba(0, 0, 0, 0)\" class=\"has-inline-color has-text-color\">recherche et analyse<\/mark><\/h2>\n\n\n<p class=\"wp-block-paragraph has-spacing-small alignwide has-text-align-wide\">En fonction de la r\u00e9ponse aux questions ci-dessus, vous commencerez \u00e0 faire des recherches pour trouver le bien d&#8217;investissement id\u00e9al. Vous examinez le type de bien qui correspond le mieux \u00e0 vos besoins. Quels sont les endroits int\u00e9ressants? Quels sont les biens disponibles dans cette r\u00e9gion? Et quel est le prix de revient?<\/p>\n\n\n<h2 class=\"has-spacing-extra-small alignwide wp-block-heading\"><strong><mark style=\"background-color:rgba(0, 0, 0, 0)\" class=\"has-inline-color has-primary-color\">\u00c9tape 3: <\/mark><\/strong><mark style=\"background-color:rgba(0, 0, 0, 0)\" class=\"has-inline-color has-text-color\">s\u00e9lection du bien immobilier ad\u00e9quat<\/mark><\/h2>\n\n\n<p class=\"wp-block-paragraph has-spacing-small alignwide has-text-align-wide\">Ensuite, vous rechercherez effectivement des biens appropri\u00e9s. En fonction de vos recherches pr\u00e9alables, vous savez maintenant exactement ce que vous recherchez et o\u00f9 se trouve l&#8217;appartement ou la propri\u00e9t\u00e9.<\/p>\n\n<div class=\"wp-block-button-custom wp-blocks-block  alignwide\">\n        <div\n        class=\"text-left\"\n    >\n        <a\n            class=\"group font-condensed inline-flex items-center py-1 px-12 rounded-md transition-colors duration-200 cursor-pointer no-underline font-condensed !text-white hover:!text-white bg-primary-500 hover:bg-primary-400 font-bold\" target=\"\"\n                    href=\"https:\/\/www.bostoen.be\/fr\/investir\/nos-projets-dinvestissement\/\"\n                                >\n            \n            Voir nos projets d&#039;investissement\n\n                        <span class=\"ml-4 transition-transform duration-200 inline-block group-hover:transform group-hover:translate-x-2\">\n                <svg xmlns=\"http:\/\/www.w3.org\/2000\/svg\" viewBox=\"0 0 448 512\" class=\"svg-inline--fa  far fa-long-arrow-right\" role=\"img\" aria-hidden=\"true\" style=\"color:currentColor\"><!-- Font Awesome Pro 5.15.3 by @fontawesome - https:\/\/fontawesome.com License - https:\/\/fontawesome.com\/license (Commercial License) --><path d=\"M295.515 115.716l-19.626 19.626c-4.753 4.753-4.675 12.484.173 17.14L356.78 230H12c-6.627 0-12 5.373-12 12v28c0 6.627 5.373 12 12 12h344.78l-80.717 77.518c-4.849 4.656-4.927 12.387-.173 17.14l19.626 19.626c4.686 4.686 12.284 4.686 16.971 0l131.799-131.799c4.686-4.686 4.686-12.284 0-16.971L312.485 115.716c-4.686-4.686-12.284-4.686-16.97 0z\" fill=\"currentColor\"><\/path><\/svg>\n            <\/span>\n                    <\/a>\n    <\/div>\n    <\/div>\n\n\n\n<h2 class=\"has-spacing-extra-small alignwide wp-block-heading\"><strong><mark style=\"background-color:rgba(0, 0, 0, 0)\" class=\"has-inline-color has-primary-color\">\u00c9tape 4: <\/mark><\/strong><mark style=\"background-color:rgba(0, 0, 0, 0)\" class=\"has-inline-color has-text-color\">Comment investir dans l&#8217;immobilier pour un avenir radieux?<\/mark><\/h2>\n\n\n<p class=\"wp-block-paragraph has-spacing-small alignwide has-text-align-wide\">Si vous achetez l&#8217;appartement ou la maison en tant que bien immobilier, vous b\u00e9n\u00e9ficierez d&#8217;une s\u00e9curit\u00e9 pendant longtemps. En louant le bien, vous pouvez compter sur des revenus locatifs. Par la suite, vous avez encore la possibilit\u00e9 de garder le bien pour vos enfants ou d&#8217;y emm\u00e9nager vous-m\u00eame. Bien entendu, vous pouvez \u00e9galement d\u00e9cider de revendre ce bien.<\/p>\n\n\n<h2 class=\"has-spacing-extra-small alignwide wp-block-heading\">\u00c0 la recherche d&#8217;un <strong><mark style=\"background-color:rgba(0, 0, 0, 0)\" class=\"has-inline-color has-primary-color\">bien d&#8217;investissement<\/mark><\/strong>?<\/h2>\n\n\n<p class=\"wp-block-paragraph has-spacing-small alignwide has-text-align-wide\">Vous souhaitez investir dans l&#8217;immobilier? N&#8217;h\u00e9sitez pas \u00e0 consulter notre <a href=\"https:\/\/www.bostoen.be\/fr\/investir\/nos-projets-dinvestissement\/\">gamme de projets d&#8217;investissement<\/a> ou <a href=\"https:\/\/www.bostoen.be\/fr\/investir#contactform-investeren\">\u00e0 contacter l&#8217;un de nos conseillers en construction<\/a>.<\/p>\n\n<\/div>\n    <\/div>\n<\/div>\n<\/div>\n","protected":false},"excerpt":{"rendered":"","protected":false},"author":12,"featured_media":0,"parent":1600,"menu_order":3,"comment_status":"closed","ping_status":"closed","template":"","meta":{"_acf_changed":false,"content-type":"","footnotes":""},"class_list":["post-1595","page","type-page","status-publish","hentry"],"acf":[],"yoast_head":"<!-- This site is optimized with the Yoast SEO Premium plugin v21.0 (Yoast SEO v24.9) - https:\/\/yoast.com\/wordpress\/plugins\/seo\/ -->\n<title>Comment investir dans l&#039;immobilier? | Bostoen<\/title>\n<meta name=\"description\" content=\"Comment investir dans l&#039;immobilier? Par exp\u00e9rience, nous vous donnons quelques conseils que vous pouvez utiliser comme ligne directrice en tant qu&#039;investisseur immobilier.\" \/>\n<meta name=\"robots\" content=\"index, follow, max-snippet:-1, max-image-preview:large, max-video-preview:-1\" \/>\n<link rel=\"canonical\" href=\"https:\/\/www.bostoen.be\/fr\/investir\/comment-investir-dans-limmobilier\/\" \/>\n<meta property=\"og:locale\" content=\"fr_FR\" \/>\n<meta property=\"og:type\" content=\"article\" \/>\n<meta property=\"og:title\" content=\"Comment investir dans l\u2019immobilier?\" \/>\n<meta property=\"og:description\" content=\"Comment investir dans l&#039;immobilier? Par exp\u00e9rience, nous vous donnons quelques conseils que vous pouvez utiliser comme ligne directrice en tant qu&#039;investisseur immobilier.\" \/>\n<meta property=\"og:url\" content=\"https:\/\/www.bostoen.be\/fr\/investir\/comment-investir-dans-limmobilier\/\" \/>\n<meta property=\"og:site_name\" content=\"Bostoen\" \/>\n<meta property=\"article:modified_time\" content=\"2023-03-30T13:02:59+00:00\" \/>\n<meta name=\"twitter:card\" content=\"summary_large_image\" \/>\n<meta name=\"twitter:label1\" content=\"Est. reading time\" \/>\n\t<meta name=\"twitter:data1\" content=\"2 minutes\" \/>\n<script type=\"application\/ld+json\" class=\"yoast-schema-graph\">{\"@context\":\"https:\/\/schema.org\",\"@graph\":[{\"@type\":\"WebPage\",\"@id\":\"https:\/\/www.bostoen.be\/fr\/investir\/comment-investir-dans-limmobilier\/\",\"url\":\"https:\/\/www.bostoen.be\/fr\/investir\/comment-investir-dans-limmobilier\/\",\"name\":\"Comment investir dans l'immobilier? | Bostoen\",\"isPartOf\":{\"@id\":\"https:\/\/www.bostoen.be\/#website\"},\"datePublished\":\"2021-12-17T14:49:55+00:00\",\"dateModified\":\"2023-03-30T13:02:59+00:00\",\"description\":\"Comment investir dans l'immobilier? Par exp\u00e9rience, nous vous donnons quelques conseils que vous pouvez utiliser comme ligne directrice en tant qu'investisseur immobilier.\",\"breadcrumb\":{\"@id\":\"https:\/\/www.bostoen.be\/fr\/investir\/comment-investir-dans-limmobilier\/#breadcrumb\"},\"inLanguage\":\"fr-BE\",\"potentialAction\":[{\"@type\":\"ReadAction\",\"target\":[\"https:\/\/www.bostoen.be\/fr\/investir\/comment-investir-dans-limmobilier\/\"]}]},{\"@type\":\"BreadcrumbList\",\"@id\":\"https:\/\/www.bostoen.be\/fr\/investir\/comment-investir-dans-limmobilier\/#breadcrumb\",\"itemListElement\":[{\"@type\":\"ListItem\",\"position\":1,\"name\":\"Home\",\"item\":\"https:\/\/www.bostoen.be\/fr\/bienvenue-chez-bostoen\/\"},{\"@type\":\"ListItem\",\"position\":2,\"name\":\"Investir dans l&#8217;immobilier\",\"item\":\"https:\/\/www.bostoen.be\/fr\/investir\/\"},{\"@type\":\"ListItem\",\"position\":3,\"name\":\"Comment investir dans l\u2019immobilier?\"}]},{\"@type\":\"WebSite\",\"@id\":\"https:\/\/www.bostoen.be\/#website\",\"url\":\"https:\/\/www.bostoen.be\/\",\"name\":\"Bostoen\",\"description\":\"Promoteur et entreprise de construction de maisons et d'appartements neufs\",\"potentialAction\":[{\"@type\":\"SearchAction\",\"target\":{\"@type\":\"EntryPoint\",\"urlTemplate\":\"https:\/\/www.bostoen.be\/?s={search_term_string}\"},\"query-input\":{\"@type\":\"PropertyValueSpecification\",\"valueRequired\":true,\"valueName\":\"search_term_string\"}}],\"inLanguage\":\"fr-BE\"}]}<\/script>\n<!-- \/ Yoast SEO Premium plugin. -->","yoast_head_json":{"title":"Comment investir dans l'immobilier? | Bostoen","description":"Comment investir dans l'immobilier? Par exp\u00e9rience, nous vous donnons quelques conseils que vous pouvez utiliser comme ligne directrice en tant qu'investisseur immobilier.","robots":{"index":"index","follow":"follow","max-snippet":"max-snippet:-1","max-image-preview":"max-image-preview:large","max-video-preview":"max-video-preview:-1"},"canonical":"https:\/\/www.bostoen.be\/fr\/investir\/comment-investir-dans-limmobilier\/","og_locale":"fr_FR","og_type":"article","og_title":"Comment investir dans l\u2019immobilier?","og_description":"Comment investir dans l'immobilier? Par exp\u00e9rience, nous vous donnons quelques conseils que vous pouvez utiliser comme ligne directrice en tant qu'investisseur immobilier.","og_url":"https:\/\/www.bostoen.be\/fr\/investir\/comment-investir-dans-limmobilier\/","og_site_name":"Bostoen","article_modified_time":"2023-03-30T13:02:59+00:00","twitter_card":"summary_large_image","twitter_misc":{"Est. reading time":"2 minutes"},"schema":{"@context":"https:\/\/schema.org","@graph":[{"@type":"WebPage","@id":"https:\/\/www.bostoen.be\/fr\/investir\/comment-investir-dans-limmobilier\/","url":"https:\/\/www.bostoen.be\/fr\/investir\/comment-investir-dans-limmobilier\/","name":"Comment investir dans l'immobilier? | Bostoen","isPartOf":{"@id":"https:\/\/www.bostoen.be\/#website"},"datePublished":"2021-12-17T14:49:55+00:00","dateModified":"2023-03-30T13:02:59+00:00","description":"Comment investir dans l'immobilier? Par exp\u00e9rience, nous vous donnons quelques conseils que vous pouvez utiliser comme ligne directrice en tant qu'investisseur immobilier.","breadcrumb":{"@id":"https:\/\/www.bostoen.be\/fr\/investir\/comment-investir-dans-limmobilier\/#breadcrumb"},"inLanguage":"fr-BE","potentialAction":[{"@type":"ReadAction","target":["https:\/\/www.bostoen.be\/fr\/investir\/comment-investir-dans-limmobilier\/"]}]},{"@type":"BreadcrumbList","@id":"https:\/\/www.bostoen.be\/fr\/investir\/comment-investir-dans-limmobilier\/#breadcrumb","itemListElement":[{"@type":"ListItem","position":1,"name":"Home","item":"https:\/\/www.bostoen.be\/fr\/bienvenue-chez-bostoen\/"},{"@type":"ListItem","position":2,"name":"Investir dans l&#8217;immobilier","item":"https:\/\/www.bostoen.be\/fr\/investir\/"},{"@type":"ListItem","position":3,"name":"Comment investir dans l\u2019immobilier?"}]},{"@type":"WebSite","@id":"https:\/\/www.bostoen.be\/#website","url":"https:\/\/www.bostoen.be\/","name":"Bostoen","description":"Promoteur et entreprise de construction de maisons et d'appartements neufs","potentialAction":[{"@type":"SearchAction","target":{"@type":"EntryPoint","urlTemplate":"https:\/\/www.bostoen.be\/?s={search_term_string}"},"query-input":{"@type":"PropertyValueSpecification","valueRequired":true,"valueName":"search_term_string"}}],"inLanguage":"fr-BE"}]}},"_links":{"self":[{"href":"https:\/\/www.bostoen.be\/fr\/wp-json\/wp\/v2\/pages\/1595","targetHints":{"allow":["GET"]}}],"collection":[{"href":"https:\/\/www.bostoen.be\/fr\/wp-json\/wp\/v2\/pages"}],"about":[{"href":"https:\/\/www.bostoen.be\/fr\/wp-json\/wp\/v2\/types\/page"}],"author":[{"embeddable":true,"href":"https:\/\/www.bostoen.be\/fr\/wp-json\/wp\/v2\/users\/12"}],"replies":[{"embeddable":true,"href":"https:\/\/www.bostoen.be\/fr\/wp-json\/wp\/v2\/comments?post=1595"}],"version-history":[{"count":2,"href":"https:\/\/www.bostoen.be\/fr\/wp-json\/wp\/v2\/pages\/1595\/revisions"}],"predecessor-version":[{"id":25688,"href":"https:\/\/www.bostoen.be\/fr\/wp-json\/wp\/v2\/pages\/1595\/revisions\/25688"}],"up":[{"embeddable":true,"href":"https:\/\/www.bostoen.be\/fr\/wp-json\/wp\/v2\/pages\/1600"}],"wp:attachment":[{"href":"https:\/\/www.bostoen.be\/fr\/wp-json\/wp\/v2\/media?parent=1595"}],"curies":[{"name":"wp","href":"https:\/\/api.w.org\/{rel}","templated":true}]}}