{"id":1549,"date":"2021-12-17T15:20:07","date_gmt":"2021-12-17T15:20:07","guid":{"rendered":"https:\/\/www.bostoen.be\/?page_id=1549"},"modified":"2023-12-20T11:14:16","modified_gmt":"2023-12-20T11:14:16","slug":"voir-notre-feuille-de-route","status":"publish","type":"page","link":"https:\/\/www.bostoen.be\/fr\/construire-sur-votre-propre-terrain\/voir-notre-feuille-de-route\/","title":{"rendered":"Voir notre feuille de route"},"content":{"rendered":"<div class=\"wp-block-banner-container wp-blocks-block  alignfull\">\n    <div >\n    \n    <div class=\"relative\">\n        <div class=\"container\">\n            \n        <\/div>\n    <\/div>\n<\/div>\n\n<div\n    class=\"container flex items-start relative\"\n>\n    \n    <div\n        class=\"w-full\"\n    >\n        <div class=\"inner-blocks\">\n    \n\n<h1 class=\"has-spacing-small wp-block-heading alignwide has-text-color\" id=\"een-stappenplan-voor-een-vlekkeloos-traject\">Construire avec Bostoen : le <strong><mark style=\"background-color:rgba(0, 0, 0, 0)\" class=\"has-inline-color has-primary-color\">plan pas \u00e0 pas<\/mark><\/strong><\/h1>\n\n\n<p class=\"wp-block-paragraph has-spacing-extra-small alignwide has-text-align-wide\">Nous cr\u00e9ons un projet de construction en fonction de vos souhaits et de vos besoins et, gr\u00e2ce \u00e0 notre propre \u00e9quipe de construction, nous g\u00e9rons la planification, la coordination et la construction de A \u00e0 Z. Ensemble, nous r\u00e9alisons un projet de construction sans faille en sept \u00e9tapes.<\/p>\n\n\n<figure class=\"wp-block-image alignwide size-large\"><img decoding=\"async\" src=\"https:\/\/www.bostoen.be\/uploads\/2021\/09\/Infographic-stappenplan-FR-1024x276.jpg\" alt=\"\" class=\"wp-image-1554\"\/><\/figure>\n\n\n\n<h2 class=\"has-spacing-extra-small wp-block-heading alignwide\" id=\"1-eerste-kennismaking\">1. Premi\u00e8re introduction<\/h2>\n\n\n<p class=\"wp-block-paragraph has-spacing-small alignwide has-text-align-wide\">Nous rassemblons toutes les informations relatives \u00e0 votre projet (r\u00e8gles d&#8217;urbanisme, plans, etc.) et sommes \u00e0 l&#8217;\u00e9coute de vos id\u00e9es et de vos attentes.<\/p>\n\n\n<h2 class=\"has-spacing-extra-small wp-block-heading alignwide\" id=\"2-schets-en-raming\">2. Croquis et estimation<\/h2>\n\n\n<p class=\"wp-block-paragraph has-spacing-small alignwide has-text-align-wide\">Ensemble, nous dessinons vos id\u00e9es \u00e0 l&#8217;aide d&#8217;un croquis, puis nous vous fournissons un premier calcul du projet de construction.<\/p>\n\n\n<h2 class=\"has-spacing-extra-small wp-block-heading alignwide\" id=\"3-studie-overeenkomst\">3. Convention d&#8217;\u00e9tude<\/h2>\n\n\n<p class=\"wp-block-paragraph has-spacing-small alignwide has-text-align-wide\">En collaboration avec l&#8217;architecte, nous pr\u00e9parons une \u00e9tude des besoins, fournissons un avant-projet personnalis\u00e9 et r\u00e9alisons les \u00e9tudes techniques. Le calcul est adapt\u00e9 en fonction de l&#8217;avant-projet, puis du plan de construction final.<\/p>\n\n\n<h2 class=\"has-spacing-extra-small wp-block-heading alignwide\" id=\"4-contract\">4. Le contrat<\/h2>\n\n\n<p class=\"wp-block-paragraph has-spacing-small alignwide has-text-align-wide\">Apr\u00e8s l&#8217;approbation du plan de construction d\u00e9finitif dans la convention d&#8217;\u00e9tude, nous inscrivons le tout dans un contrat de construction conform\u00e9ment \u00e0 la loi Breyne. Cette proc\u00e9dure vous garantit des d\u00e9lais d&#8217;ex\u00e9cution fixes et un paiement \u00e9chelonn\u00e9 en fonction de l&#8217;avancement des travaux.<\/p>\n\n\n<h2 class=\"has-spacing-extra-small wp-block-heading alignwide\" id=\"5-uitvoering\">5. Mise en \u0153uvre<\/h2>\n\n\n<p class=\"wp-block-paragraph has-spacing-small alignwide has-text-align-wide\">Nos artisans exp\u00e9riment\u00e9s commencent \u00e0 construire votre projet. Pendant l&#8217;ex\u00e9cution, nous vous informons r\u00e9guli\u00e8rement de l&#8217;avancement des travaux gr\u00e2ce \u00e0 notre espace client en ligne. Vous \u00eates en contact \u00e9troit avec un chef de chantier permanent.<\/p>\n\n\n<h2 class=\"has-spacing-extra-small wp-block-heading alignwide\" id=\"6-oplevering\">6. Livraison<\/h2>\n\n\n<p class=\"wp-block-paragraph has-spacing-small alignwide has-text-align-wide\">Les travaux sont termin\u00e9s. Il est temps d&#8217;en profiter!<\/p>\n\n\n<h2 class=\"has-spacing-extra-small wp-block-heading alignwide\" id=\"7-service-garanties\">7. Garanties de service<\/h2>\n\n\n<p class=\"wp-block-paragraph has-spacing-small alignwide has-text-align-wide\">Bostoen est toujours l\u00e0 pour vous, m\u00eame apr\u00e8s l&#8217;ach\u00e8vement des maisons ou des appartements.<\/p>\n\n\n<div style=\"height:44px\" aria-hidden=\"true\" class=\"wp-block-spacer\"><\/div>\n\n\n<div class=\"wp-block-button-custom wp-blocks-block is-style-transparent alignwide\">\n        <div\n        class=\"text-right\"\n    >\n        <a\n            class=\"group font-condensed inline-flex items-center py-1 px-12 rounded-md transition-colors duration-200 cursor-pointer no-underline font-condensed !text-white hover:!text-white bg-primary-500 hover:bg-primary-400 font-bold\" target=\"\"\n                    href=\"https:\/\/www.bostoen.be\/fr\/immeuble-a-revenus\/\"\n                                >\n            \n            Retour \u00e0 la vue d&#039;ensemble\n\n                        <span class=\"ml-4 transition-transform duration-200 inline-block group-hover:transform group-hover:translate-x-2\">\n                <svg xmlns=\"http:\/\/www.w3.org\/2000\/svg\" viewBox=\"0 0 448 512\" class=\"svg-inline--fa  far fa-long-arrow-right\" role=\"img\" aria-hidden=\"true\" style=\"color:currentColor\"><!-- Font Awesome Pro 5.15.3 by @fontawesome - https:\/\/fontawesome.com License - https:\/\/fontawesome.com\/license (Commercial License) --><path d=\"M295.515 115.716l-19.626 19.626c-4.753 4.753-4.675 12.484.173 17.14L356.78 230H12c-6.627 0-12 5.373-12 12v28c0 6.627 5.373 12 12 12h344.78l-80.717 77.518c-4.849 4.656-4.927 12.387-.173 17.14l19.626 19.626c4.686 4.686 12.284 4.686 16.971 0l131.799-131.799c4.686-4.686 4.686-12.284 0-16.971L312.485 115.716c-4.686-4.686-12.284-4.686-16.97 0z\" fill=\"currentColor\"><\/path><\/svg>\n            <\/span>\n                    <\/a>\n    <\/div>\n    <\/div>\n\n\n<\/div>\n    <\/div>\n<\/div>\n<\/div>\n\n\n\n<h2 class=\"has-spacing-small wp-block-heading\">Je souhaite obtenir plus d&#8217;informations sur <strong><mark style=\"background-color:rgba(0, 0, 0, 0)\" class=\"has-inline-color has-primary-color\">la construction avec Bostoen<\/mark><\/strong><\/h2>\n\n\n\n<div class=\"wp-block-leadin-hubspot-form-block\">\n\t\t\t\t\t\t<script>\n\t\t\t\t\t\t\twindow.hsFormsOnReady = window.hsFormsOnReady || [];\n\t\t\t\t\t\t\twindow.hsFormsOnReady.push(()=>{\n\t\t\t\t\t\t\t\thbspt.forms.create({\n\t\t\t\t\t\t\t\t\tportalId: 3814101,\n\t\t\t\t\t\t\t\t\tformId: \"9ba5d8e4-8225-43be-89b3-93a7a66ed80a\",\n\t\t\t\t\t\t\t\t\ttarget: \"#hbspt-form-1777601464000-6009303474\",\n\t\t\t\t\t\t\t\t\tregion: \"na1\",\n\t\t\t\t\t\t\t\t\t\n\t\t\t\t\t\t\t})});\n\t\t\t\t\t\t<\/script>\n\t\t\t\t\t\t<div class=\"hbspt-form\" id=\"hbspt-form-1777601464000-6009303474\"><\/div><\/div>\n","protected":false},"excerpt":{"rendered":"<p>Je souhaite obtenir plus d&#8217;informations sur la construction avec Bostoen<\/p>\n","protected":false},"author":12,"featured_media":0,"parent":7014,"menu_order":0,"comment_status":"closed","ping_status":"closed","template":"","meta":{"_acf_changed":false,"content-type":"","footnotes":""},"class_list":["post-1549","page","type-page","status-publish","hentry"],"acf":[],"yoast_head":"<!-- This site is optimized with the Yoast SEO Premium plugin v21.0 (Yoast SEO v24.9) - https:\/\/yoast.com\/wordpress\/plugins\/seo\/ -->\n<title>Construire avec Bostoen : d\u00e9couvrez notre plan \u00e9tape par \u00e9tape | Bostoen<\/title>\n<meta name=\"description\" content=\"Vous souhaitez r\u00e9aliser un projet de construction sur votre propre terrain? D\u00e9couvrez notre plan \u00e9tape par \u00e9tape et la valeur ajout\u00e9e de notre \u00e9quipe de construction interne.\" \/>\n<meta name=\"robots\" content=\"index, follow, max-snippet:-1, max-image-preview:large, max-video-preview:-1\" \/>\n<link rel=\"canonical\" href=\"https:\/\/www.bostoen.be\/fr\/construire-sur-votre-propre-terrain\/voir-notre-feuille-de-route\/\" \/>\n<meta property=\"og:locale\" content=\"fr_FR\" \/>\n<meta property=\"og:type\" content=\"article\" \/>\n<meta property=\"og:title\" content=\"Voir notre feuille de route\" \/>\n<meta property=\"og:description\" content=\"Vous souhaitez r\u00e9aliser un projet de construction sur votre propre terrain? D\u00e9couvrez notre plan \u00e9tape par \u00e9tape et la valeur ajout\u00e9e de notre \u00e9quipe de construction interne.\" \/>\n<meta property=\"og:url\" content=\"https:\/\/www.bostoen.be\/fr\/construire-sur-votre-propre-terrain\/voir-notre-feuille-de-route\/\" \/>\n<meta property=\"og:site_name\" content=\"Bostoen\" \/>\n<meta property=\"article:modified_time\" content=\"2023-12-20T11:14:16+00:00\" \/>\n<meta property=\"og:image\" content=\"https:\/\/www.bostoen.be\/uploads\/2021\/09\/Infographic-stappenplan-FR-1024x276.jpg\" \/>\n<meta name=\"twitter:card\" content=\"summary_large_image\" \/>\n<meta name=\"twitter:label1\" content=\"Est. reading time\" \/>\n\t<meta name=\"twitter:data1\" content=\"2 minutes\" \/>\n<script type=\"application\/ld+json\" class=\"yoast-schema-graph\">{\"@context\":\"https:\/\/schema.org\",\"@graph\":[{\"@type\":\"WebPage\",\"@id\":\"https:\/\/www.bostoen.be\/fr\/construire-sur-votre-propre-terrain\/voir-notre-feuille-de-route\/\",\"url\":\"https:\/\/www.bostoen.be\/fr\/construire-sur-votre-propre-terrain\/voir-notre-feuille-de-route\/\",\"name\":\"Construire avec Bostoen : d\u00e9couvrez notre plan \u00e9tape par \u00e9tape | Bostoen\",\"isPartOf\":{\"@id\":\"https:\/\/www.bostoen.be\/#website\"},\"primaryImageOfPage\":{\"@id\":\"https:\/\/www.bostoen.be\/fr\/construire-sur-votre-propre-terrain\/voir-notre-feuille-de-route\/#primaryimage\"},\"image\":{\"@id\":\"https:\/\/www.bostoen.be\/fr\/construire-sur-votre-propre-terrain\/voir-notre-feuille-de-route\/#primaryimage\"},\"thumbnailUrl\":\"https:\/\/www.bostoen.be\/uploads\/2021\/09\/Infographic-stappenplan-FR-1024x276.jpg\",\"datePublished\":\"2021-12-17T15:20:07+00:00\",\"dateModified\":\"2023-12-20T11:14:16+00:00\",\"description\":\"Vous souhaitez r\u00e9aliser un projet de construction sur votre propre terrain? D\u00e9couvrez notre plan \u00e9tape par \u00e9tape et la valeur ajout\u00e9e de notre \u00e9quipe de construction interne.\",\"breadcrumb\":{\"@id\":\"https:\/\/www.bostoen.be\/fr\/construire-sur-votre-propre-terrain\/voir-notre-feuille-de-route\/#breadcrumb\"},\"inLanguage\":\"fr-BE\",\"potentialAction\":[{\"@type\":\"ReadAction\",\"target\":[\"https:\/\/www.bostoen.be\/fr\/construire-sur-votre-propre-terrain\/voir-notre-feuille-de-route\/\"]}]},{\"@type\":\"ImageObject\",\"inLanguage\":\"fr-BE\",\"@id\":\"https:\/\/www.bostoen.be\/fr\/construire-sur-votre-propre-terrain\/voir-notre-feuille-de-route\/#primaryimage\",\"url\":\"https:\/\/www.bostoen.be\/uploads\/2021\/09\/Infographic-stappenplan-FR-1024x276.jpg\",\"contentUrl\":\"https:\/\/www.bostoen.be\/uploads\/2021\/09\/Infographic-stappenplan-FR-1024x276.jpg\"},{\"@type\":\"BreadcrumbList\",\"@id\":\"https:\/\/www.bostoen.be\/fr\/construire-sur-votre-propre-terrain\/voir-notre-feuille-de-route\/#breadcrumb\",\"itemListElement\":[{\"@type\":\"ListItem\",\"position\":1,\"name\":\"Home\",\"item\":\"https:\/\/www.bostoen.be\/fr\/bienvenue-chez-bostoen\/\"},{\"@type\":\"ListItem\",\"position\":2,\"name\":\"Construire sur votre propre terrain\",\"item\":\"https:\/\/www.bostoen.be\/fr\/construire-sur-votre-propre-terrain\/\"},{\"@type\":\"ListItem\",\"position\":3,\"name\":\"Voir notre feuille de route\"}]},{\"@type\":\"WebSite\",\"@id\":\"https:\/\/www.bostoen.be\/#website\",\"url\":\"https:\/\/www.bostoen.be\/\",\"name\":\"Bostoen\",\"description\":\"Promoteur et entreprise de construction de maisons et d'appartements neufs\",\"potentialAction\":[{\"@type\":\"SearchAction\",\"target\":{\"@type\":\"EntryPoint\",\"urlTemplate\":\"https:\/\/www.bostoen.be\/?s={search_term_string}\"},\"query-input\":{\"@type\":\"PropertyValueSpecification\",\"valueRequired\":true,\"valueName\":\"search_term_string\"}}],\"inLanguage\":\"fr-BE\"}]}<\/script>\n<!-- \/ Yoast SEO Premium plugin. -->","yoast_head_json":{"title":"Construire avec Bostoen : d\u00e9couvrez notre plan \u00e9tape par \u00e9tape | Bostoen","description":"Vous souhaitez r\u00e9aliser un projet de construction sur votre propre terrain? D\u00e9couvrez notre plan \u00e9tape par \u00e9tape et la valeur ajout\u00e9e de notre \u00e9quipe de construction interne.","robots":{"index":"index","follow":"follow","max-snippet":"max-snippet:-1","max-image-preview":"max-image-preview:large","max-video-preview":"max-video-preview:-1"},"canonical":"https:\/\/www.bostoen.be\/fr\/construire-sur-votre-propre-terrain\/voir-notre-feuille-de-route\/","og_locale":"fr_FR","og_type":"article","og_title":"Voir notre feuille de route","og_description":"Vous souhaitez r\u00e9aliser un projet de construction sur votre propre terrain? D\u00e9couvrez notre plan \u00e9tape par \u00e9tape et la valeur ajout\u00e9e de notre \u00e9quipe de construction interne.","og_url":"https:\/\/www.bostoen.be\/fr\/construire-sur-votre-propre-terrain\/voir-notre-feuille-de-route\/","og_site_name":"Bostoen","article_modified_time":"2023-12-20T11:14:16+00:00","og_image":[{"url":"https:\/\/www.bostoen.be\/uploads\/2021\/09\/Infographic-stappenplan-FR-1024x276.jpg","type":"","width":"","height":""}],"twitter_card":"summary_large_image","twitter_misc":{"Est. reading time":"2 minutes"},"schema":{"@context":"https:\/\/schema.org","@graph":[{"@type":"WebPage","@id":"https:\/\/www.bostoen.be\/fr\/construire-sur-votre-propre-terrain\/voir-notre-feuille-de-route\/","url":"https:\/\/www.bostoen.be\/fr\/construire-sur-votre-propre-terrain\/voir-notre-feuille-de-route\/","name":"Construire avec Bostoen : d\u00e9couvrez notre plan \u00e9tape par \u00e9tape | Bostoen","isPartOf":{"@id":"https:\/\/www.bostoen.be\/#website"},"primaryImageOfPage":{"@id":"https:\/\/www.bostoen.be\/fr\/construire-sur-votre-propre-terrain\/voir-notre-feuille-de-route\/#primaryimage"},"image":{"@id":"https:\/\/www.bostoen.be\/fr\/construire-sur-votre-propre-terrain\/voir-notre-feuille-de-route\/#primaryimage"},"thumbnailUrl":"https:\/\/www.bostoen.be\/uploads\/2021\/09\/Infographic-stappenplan-FR-1024x276.jpg","datePublished":"2021-12-17T15:20:07+00:00","dateModified":"2023-12-20T11:14:16+00:00","description":"Vous souhaitez r\u00e9aliser un projet de construction sur votre propre terrain? D\u00e9couvrez notre plan \u00e9tape par \u00e9tape et la valeur ajout\u00e9e de notre \u00e9quipe de construction interne.","breadcrumb":{"@id":"https:\/\/www.bostoen.be\/fr\/construire-sur-votre-propre-terrain\/voir-notre-feuille-de-route\/#breadcrumb"},"inLanguage":"fr-BE","potentialAction":[{"@type":"ReadAction","target":["https:\/\/www.bostoen.be\/fr\/construire-sur-votre-propre-terrain\/voir-notre-feuille-de-route\/"]}]},{"@type":"ImageObject","inLanguage":"fr-BE","@id":"https:\/\/www.bostoen.be\/fr\/construire-sur-votre-propre-terrain\/voir-notre-feuille-de-route\/#primaryimage","url":"https:\/\/www.bostoen.be\/uploads\/2021\/09\/Infographic-stappenplan-FR-1024x276.jpg","contentUrl":"https:\/\/www.bostoen.be\/uploads\/2021\/09\/Infographic-stappenplan-FR-1024x276.jpg"},{"@type":"BreadcrumbList","@id":"https:\/\/www.bostoen.be\/fr\/construire-sur-votre-propre-terrain\/voir-notre-feuille-de-route\/#breadcrumb","itemListElement":[{"@type":"ListItem","position":1,"name":"Home","item":"https:\/\/www.bostoen.be\/fr\/bienvenue-chez-bostoen\/"},{"@type":"ListItem","position":2,"name":"Construire sur votre propre terrain","item":"https:\/\/www.bostoen.be\/fr\/construire-sur-votre-propre-terrain\/"},{"@type":"ListItem","position":3,"name":"Voir notre feuille de route"}]},{"@type":"WebSite","@id":"https:\/\/www.bostoen.be\/#website","url":"https:\/\/www.bostoen.be\/","name":"Bostoen","description":"Promoteur et entreprise de construction de maisons et d'appartements neufs","potentialAction":[{"@type":"SearchAction","target":{"@type":"EntryPoint","urlTemplate":"https:\/\/www.bostoen.be\/?s={search_term_string}"},"query-input":{"@type":"PropertyValueSpecification","valueRequired":true,"valueName":"search_term_string"}}],"inLanguage":"fr-BE"}]}},"_links":{"self":[{"href":"https:\/\/www.bostoen.be\/fr\/wp-json\/wp\/v2\/pages\/1549","targetHints":{"allow":["GET"]}}],"collection":[{"href":"https:\/\/www.bostoen.be\/fr\/wp-json\/wp\/v2\/pages"}],"about":[{"href":"https:\/\/www.bostoen.be\/fr\/wp-json\/wp\/v2\/types\/page"}],"author":[{"embeddable":true,"href":"https:\/\/www.bostoen.be\/fr\/wp-json\/wp\/v2\/users\/12"}],"replies":[{"embeddable":true,"href":"https:\/\/www.bostoen.be\/fr\/wp-json\/wp\/v2\/comments?post=1549"}],"version-history":[{"count":2,"href":"https:\/\/www.bostoen.be\/fr\/wp-json\/wp\/v2\/pages\/1549\/revisions"}],"predecessor-version":[{"id":28074,"href":"https:\/\/www.bostoen.be\/fr\/wp-json\/wp\/v2\/pages\/1549\/revisions\/28074"}],"up":[{"embeddable":true,"href":"https:\/\/www.bostoen.be\/fr\/wp-json\/wp\/v2\/pages\/7014"}],"wp:attachment":[{"href":"https:\/\/www.bostoen.be\/fr\/wp-json\/wp\/v2\/media?parent=1549"}],"curies":[{"name":"wp","href":"https:\/\/api.w.org\/{rel}","templated":true}]}}